{"id":1522,"date":"2025-05-05T16:16:28","date_gmt":"2025-05-05T19:16:28","guid":{"rendered":"https:\/\/dimgrey-dove-768574.hostingersite.com\/?page_id=1522"},"modified":"2025-06-30T18:49:49","modified_gmt":"2025-06-30T21:49:49","slug":"finn-rotor","status":"publish","type":"page","link":"https:\/\/ecequipamentos.com.br\/es\/finn-rotor\/","title":{"rendered":"Rotor finland\u00e9s"},"content":{"rendered":"<section class=\"l-section wpb_row height_medium color_secondary with_img\" id=\"slide\"><div class=\"l-section-img\" role=\"img\" data-img-width=\"1200\" data-img-height=\"800\" style=\"background-image: url(https:\/\/ecequipamentos.com.br\/wp-content\/uploads\/foto-finnrotor-01.jpg);background-repeat: no-repeat;\"><\/div><div class=\"l-section-overlay\" style=\"background:linear-gradient(90deg,#000000,rgba(0,0,0,0))\"><\/div><div class=\"l-section-h i-cf\"><div class=\"g-cols vc_row via_grid cols_1 laptops-cols_inherit tablets-cols_1 mobiles-cols_1 valign_top type_default reversed stacking_default\" style=\"--gap:0rem;\"><div class=\"wpb_column vc_column_container\"><div class=\"vc_column-inner\"><h1 class=\"w-text us_custom_b9f7805f\"><span class=\"w-text-h\"><span class=\"w-text-value\">Rotor finland\u00e9s<\/span><\/span><\/h1><div class=\"wpb_text_column us_custom_2f6145a1\"><div class=\"wpb_wrapper\"><p>Distribuidor exclusivo de rotores hidr\u00e1ulicos de <strong>Finn Rotor<\/strong> en Brasil.<\/p>\n<\/div><\/div><div class=\"w-btn-wrapper align_none\"><a class=\"w-btn us-btn-style_1 us_custom_0207f80c\" href=\"#mais\"><span class=\"w-btn-label\">Seguir leyendo<\/span><\/a><\/div><\/div><\/div><\/div><\/div><\/section><section class=\"l-section wpb_row height_medium\" id=\"mais\"><div class=\"l-section-h i-cf\"><div class=\"g-cols vc_row via_grid cols_2 laptops-cols_inherit tablets-cols_1 mobiles-cols_1 valign_middle type_default stacking_default\" style=\"--gap:0px;\"><div class=\"wpb_column vc_column_container\"><div class=\"vc_column-inner\"><div class=\"w-image us_custom_81a92080 align_center\"><div class=\"w-image-h\"><img decoding=\"async\" width=\"800\" height=\"170\" src=\"https:\/\/ecequipamentos.com.br\/wp-content\/uploads\/Logo-preto.png\" class=\"attachment-full size-full\" alt=\"Finn Rotor\u00ae\" loading=\"lazy\" srcset=\"https:\/\/ecequipamentos.com.br\/wp-content\/uploads\/Logo-preto.png 800w, https:\/\/ecequipamentos.com.br\/wp-content\/uploads\/Logo-preto-300x64.png 300w, https:\/\/ecequipamentos.com.br\/wp-content\/uploads\/Logo-preto-18x4.png 18w\" sizes=\"auto, (max-width: 800px) 100vw, 800px\" \/><\/div><\/div><div class=\"w-separator size_small\"><\/div><div class=\"wpb_text_column us_custom_bc4b2cb4\"><div class=\"wpb_wrapper\"><p>Somos distribuidores exclusivos en Brasil de la mayor empresa de rotadores hidr\u00e1ulicos para cucharas chatarreras, cucharas forestales y diversos accesorios que requieren rotadores hidr\u00e1ulicos.<\/p>\n<p><strong>FINN ROTOR\u00ae - 40 a\u00f1os de innovaci\u00f3n. Eficacia y fiabilidad inigualables.<\/strong><\/p>\n<\/div><\/div><div class=\"w-separator size_small\"><\/div><div class=\"w-separator size_custom\" style=\"height:5px\"><\/div><div class=\"w-hwrapper valign_middle align_none\"><div class=\"w-image align_center\"><div class=\"w-image-h\"><img decoding=\"async\" width=\"600\" height=\"600\" src=\"https:\/\/ecequipamentos.com.br\/wp-content\/uploads\/CRB500.png\" class=\"attachment-full size-full\" alt=\"CR B 500 - Finn Rotor\u00ae\" loading=\"lazy\" srcset=\"https:\/\/ecequipamentos.com.br\/wp-content\/uploads\/CRB500.png 600w, https:\/\/ecequipamentos.com.br\/wp-content\/uploads\/CRB500-300x300.png 300w, https:\/\/ecequipamentos.com.br\/wp-content\/uploads\/CRB500-150x150.png 150w, https:\/\/ecequipamentos.com.br\/wp-content\/uploads\/CRB500-12x12.png 12w\" sizes=\"auto, (max-width: 600px) 100vw, 600px\" \/><\/div><\/div><div class=\"w-image align_center\"><div class=\"w-image-h\"><img decoding=\"async\" width=\"594\" height=\"600\" src=\"https:\/\/ecequipamentos.com.br\/wp-content\/uploads\/CR100-W25A20-000.png\" class=\"attachment-full size-full\" alt=\"\" loading=\"lazy\" srcset=\"https:\/\/ecequipamentos.com.br\/wp-content\/uploads\/CR100-W25A20-000.png 594w, https:\/\/ecequipamentos.com.br\/wp-content\/uploads\/CR100-W25A20-000-297x300.png 297w, https:\/\/ecequipamentos.com.br\/wp-content\/uploads\/CR100-W25A20-000-12x12.png 12w\" sizes=\"auto, (max-width: 594px) 100vw, 594px\" \/><\/div><\/div><\/div><\/div><\/div><div class=\"wpb_column vc_column_container\"><div class=\"vc_column-inner\"><div class=\"w-image align_center\"><div class=\"w-image-h\"><img decoding=\"async\" width=\"600\" height=\"450\" src=\"https:\/\/ecequipamentos.com.br\/wp-content\/uploads\/rotatores.png\" class=\"attachment-full size-full\" alt=\"Rotatores Hidr\u00e1ulicos\" loading=\"lazy\" srcset=\"https:\/\/ecequipamentos.com.br\/wp-content\/uploads\/rotatores.png 600w, https:\/\/ecequipamentos.com.br\/wp-content\/uploads\/rotatores-300x225.png 300w, https:\/\/ecequipamentos.com.br\/wp-content\/uploads\/rotatores-16x12.png 16w\" sizes=\"auto, (max-width: 600px) 100vw, 600px\" \/><\/div><\/div><\/div><\/div><\/div><\/div><\/section><section class=\"l-section wpb_row height_small color_primary with_img\" id=\"garantia\"><div class=\"l-section-img\" role=\"img\" data-img-width=\"1200\" data-img-height=\"422\" style=\"background-image: url(https:\/\/ecequipamentos.com.br\/wp-content\/uploads\/bg-finnrotor.jpg);background-repeat: no-repeat;\"><\/div><div class=\"l-section-overlay\" style=\"background:rgba(0,0,0,0.85)\"><\/div><div class=\"l-section-h i-cf\"><div class=\"g-cols vc_row via_grid cols_2 laptops-cols_inherit tablets-cols_inherit mobiles-cols_1 valign_middle type_default stacking_default\" style=\"--gap:2rem;\"><div class=\"wpb_column vc_column_container\"><div class=\"vc_column-inner\"><div class=\"wpb_text_column us_custom_04c40667\"><div class=\"wpb_wrapper\"><h2>40 a\u00f1os de innovaci\u00f3n<\/h2>\n<\/div><\/div><\/div><\/div><div class=\"wpb_column vc_column_container\"><div class=\"vc_column-inner\"><div class=\"w-image us_custom_0a6b3ebd align_center\"><div class=\"w-image-h\"><img decoding=\"async\" width=\"1789\" height=\"375\" src=\"https:\/\/ecequipamentos.com.br\/wp-content\/uploads\/finnrotor-branco.png\" class=\"attachment-full size-full\" alt=\"Finn Rotor\u00ae\" loading=\"lazy\" srcset=\"https:\/\/ecequipamentos.com.br\/wp-content\/uploads\/finnrotor-branco.png 1789w, https:\/\/ecequipamentos.com.br\/wp-content\/uploads\/finnrotor-branco-300x63.png 300w, https:\/\/ecequipamentos.com.br\/wp-content\/uploads\/finnrotor-branco-1024x215.png 1024w, https:\/\/ecequipamentos.com.br\/wp-content\/uploads\/finnrotor-branco-18x4.png 18w\" sizes=\"auto, (max-width: 1789px) 100vw, 1789px\" \/><\/div><\/div><\/div><\/div><\/div><\/div><\/section><section class=\"l-section wpb_row us_custom_c70c97eb height_medium\" id=\"vantagens\"><div class=\"l-section-h i-cf\"><div class=\"g-cols vc_row via_grid cols_1 laptops-cols_inherit tablets-cols_inherit mobiles-cols_1 valign_top type_default stacking_default\"><div class=\"wpb_column vc_column_container\"><div class=\"vc_column-inner\"><div class=\"wpb_text_column us_custom_602c3f15\"><div class=\"wpb_wrapper\"><h2>Rotores hidr\u00e1ulicos<\/h2>\n<p>Consiga una potencia y fiabilidad inigualables con los rotadores hidr\u00e1ulicos Finn-Rotor. Nuestra tecnolog\u00eda de vanguardia y 40 a\u00f1os de experiencia en el sector garantizan un nivel de calidad fiable en las aplicaciones m\u00e1s exigentes.<\/p>\n<p>Conf\u00ede en Finn-Rotor para obtener la potencia que necesita para un rendimiento \u00f3ptimo, ya sea en aplicaciones forestales, de carga general o industriales. Eleve sus operaciones con la confianza que le proporcionan nuestros renombrados rotadores hidr\u00e1ulicos de alta calidad.<\/p>\n<\/div><\/div><div class=\"w-separator size_medium\"><\/div><div class=\"g-cols wpb_row us_custom_8a3bc157 via_grid cols_3 laptops-cols_inherit tablets-cols_inherit mobiles-cols_1 valign_top type_boxes stacking_default\" style=\"--gap:0px;\"><div class=\"wpb_column vc_column_container us_custom_e633cb3f\"><div class=\"vc_column-inner\"><div class=\"w-iconbox iconpos_top style_default color_primary align_center icontype_img\"><div class=\"w-iconbox-icon\" style=\"font-size:8rem;\"><img loading=\"lazy\" decoding=\"async\" width=\"460\" height=\"600\" src=\"https:\/\/ecequipamentos.com.br\/wp-content\/uploads\/modelos-de-eixo.png\" class=\"attachment-full size-full\" alt=\"\" srcset=\"https:\/\/ecequipamentos.com.br\/wp-content\/uploads\/modelos-de-eixo.png 460w, https:\/\/ecequipamentos.com.br\/wp-content\/uploads\/modelos-de-eixo-230x300.png 230w, https:\/\/ecequipamentos.com.br\/wp-content\/uploads\/modelos-de-eixo-9x12.png 9w\" sizes=\"auto, (max-width: 460px) 100vw, 460px\" \/><\/div><div class=\"w-iconbox-meta\"><h3 class=\"w-iconbox-title\" style=\"font-size:1.5rem;\">Modelos de ejes<\/h3><div class=\"w-iconbox-text\"><p><span>Rotadores hidr\u00e1ulicos ligeros y eficientes con rotaci\u00f3n ilimitada. Gr\u00faas para veh\u00edculos agr\u00edcolas, de carga y forestales.<\/span><\/p>\n<\/div><\/div><\/div><\/div><\/div><div class=\"wpb_column vc_column_container us_custom_1f6459d3\"><div class=\"vc_column-inner\"><div class=\"w-iconbox iconpos_top style_default color_primary align_center icontype_img\"><div class=\"w-iconbox-icon\" style=\"font-size:8rem;\"><img loading=\"lazy\" decoding=\"async\" width=\"460\" height=\"600\" src=\"https:\/\/ecequipamentos.com.br\/wp-content\/uploads\/rotator-de-freio.png\" class=\"attachment-full size-full\" alt=\"\" srcset=\"https:\/\/ecequipamentos.com.br\/wp-content\/uploads\/rotator-de-freio.png 460w, https:\/\/ecequipamentos.com.br\/wp-content\/uploads\/rotator-de-freio-230x300.png 230w, https:\/\/ecequipamentos.com.br\/wp-content\/uploads\/rotator-de-freio-9x12.png 9w\" sizes=\"auto, (max-width: 460px) 100vw, 460px\" \/><\/div><div class=\"w-iconbox-meta\"><h3 class=\"w-iconbox-title\" style=\"font-size:1.5rem;\">Rotador de freno<\/h3><div class=\"w-iconbox-text\"><p><span>Adecuado para su uso cuando se imponen exigencias m\u00e1ximas al producto y la carga no debe moverse por s\u00ed sola, a pesar de las fuerzas externas.<\/span><\/p>\n<\/div><\/div><\/div><\/div><\/div><div class=\"wpb_column vc_column_container us_custom_1f6459d3\"><div class=\"vc_column-inner\"><div class=\"w-iconbox iconpos_top style_default color_primary align_center icontype_img\"><div class=\"w-iconbox-icon\" style=\"font-size:8rem;\"><img loading=\"lazy\" decoding=\"async\" width=\"460\" height=\"600\" src=\"https:\/\/ecequipamentos.com.br\/wp-content\/uploads\/flange.png\" class=\"attachment-full size-full\" alt=\"\" srcset=\"https:\/\/ecequipamentos.com.br\/wp-content\/uploads\/flange.png 460w, https:\/\/ecequipamentos.com.br\/wp-content\/uploads\/flange-230x300.png 230w, https:\/\/ecequipamentos.com.br\/wp-content\/uploads\/flange-9x12.png 9w\" sizes=\"auto, (max-width: 460px) 100vw, 460px\" \/><\/div><div class=\"w-iconbox-meta\"><h3 class=\"w-iconbox-title\" style=\"font-size:1.5rem;\">Modelos con brida<\/h3><div class=\"w-iconbox-text\"><p><span>Rotadores hidr\u00e1ulicos potentes, ligeros y eficientes para gr\u00faas agr\u00edcolas, de carga y forestales de uso profesional.<\/span><\/p>\n<\/div><\/div><\/div><\/div><\/div><div class=\"wpb_column vc_column_container us_custom_e8562fd7\"><div class=\"vc_column-inner\"><div class=\"w-iconbox iconpos_top style_default color_primary align_center icontype_img\"><div class=\"w-iconbox-icon\" style=\"font-size:8rem;\"><img loading=\"lazy\" decoding=\"async\" width=\"460\" height=\"600\" src=\"https:\/\/ecequipamentos.com.br\/wp-content\/uploads\/duplo-rolamento.png\" class=\"attachment-full size-full\" alt=\"\" srcset=\"https:\/\/ecequipamentos.com.br\/wp-content\/uploads\/duplo-rolamento.png 460w, https:\/\/ecequipamentos.com.br\/wp-content\/uploads\/duplo-rolamento-230x300.png 230w, https:\/\/ecequipamentos.com.br\/wp-content\/uploads\/duplo-rolamento-9x12.png 9w\" sizes=\"auto, (max-width: 460px) 100vw, 460px\" \/><\/div><div class=\"w-iconbox-meta\"><h3 class=\"w-iconbox-title\" style=\"font-size:1.5rem;\">Doble rodamiento<\/h3><div class=\"w-iconbox-text\"><p><span>Rendimiento y precisi\u00f3n de direcci\u00f3n superiores. Garantiza ligereza y un rotor muy eficiente para gr\u00faas de gran tonelaje. Permite cargas negativas.<\/span><\/p>\n<\/div><\/div><\/div><\/div><\/div><div class=\"wpb_column vc_column_container us_custom_e2c2c941\"><div class=\"vc_column-inner\"><div class=\"w-iconbox iconpos_top style_default color_primary align_center icontype_img\"><div class=\"w-iconbox-icon\" style=\"font-size:8rem;\"><img loading=\"lazy\" decoding=\"async\" width=\"460\" height=\"600\" src=\"https:\/\/ecequipamentos.com.br\/wp-content\/uploads\/colheitadeiras.png\" class=\"attachment-full size-full\" alt=\"\" srcset=\"https:\/\/ecequipamentos.com.br\/wp-content\/uploads\/colheitadeiras.png 460w, https:\/\/ecequipamentos.com.br\/wp-content\/uploads\/colheitadeiras-230x300.png 230w, https:\/\/ecequipamentos.com.br\/wp-content\/uploads\/colheitadeiras-9x12.png 9w\" sizes=\"auto, (max-width: 460px) 100vw, 460px\" \/><\/div><div class=\"w-iconbox-meta\"><h3 class=\"w-iconbox-title\" style=\"font-size:1.5rem;\">Cosechadoras<\/h3><div class=\"w-iconbox-text\"><p><span>Gracias a su estructura ligera, los productos son adecuados para equipos ligeros y uso intensivo en cosechadoras.\u00a0<\/span><\/p>\n<\/div><\/div><\/div><\/div><\/div><div class=\"wpb_column vc_column_container us_custom_1d6a06b8\"><div class=\"vc_column-inner\"><div class=\"w-iconbox iconpos_top style_default color_primary align_center icontype_img\"><div class=\"w-iconbox-icon\" style=\"font-size:8rem;\"><img loading=\"lazy\" decoding=\"async\" width=\"460\" height=\"600\" src=\"https:\/\/ecequipamentos.com.br\/wp-content\/uploads\/especiais.png\" class=\"attachment-full size-full\" alt=\"\" srcset=\"https:\/\/ecequipamentos.com.br\/wp-content\/uploads\/especiais.png 460w, https:\/\/ecequipamentos.com.br\/wp-content\/uploads\/especiais-230x300.png 230w, https:\/\/ecequipamentos.com.br\/wp-content\/uploads\/especiais-9x12.png 9w\" sizes=\"auto, (max-width: 460px) 100vw, 460px\" \/><\/div><div class=\"w-iconbox-meta\"><h3 class=\"w-iconbox-title\" style=\"font-size:1.5rem;\">Especiales<\/h3><div class=\"w-iconbox-text\"><p><span>Contiene 4 canales de aceite y es muy adecuado para mordazas con funci\u00f3n de corte\/serrado.<\/span><\/p>\n<\/div><\/div><\/div><\/div><\/div><\/div><\/div><\/div><\/div><\/div><\/section><section class=\"l-section wpb_row height_auto width_full\"><div class=\"l-section-h i-cf\"><div class=\"g-cols vc_row via_grid cols_1 laptops-cols_inherit tablets-cols_inherit mobiles-cols_1 valign_top type_default stacking_default\"><div class=\"wpb_column vc_column_container\"><div class=\"vc_column-inner\"><div class=\"w-grid type_grid layout_gallery_cropped cols_2 ratio_4x3\" id=\"us_grid_1\" style=\"--gap:0rem;\" data-filterable=\"true\"><style>@media (max-width:600px){#us_grid_1 .w-grid-list{margin:0}#us_grid_1 .w-grid-item{width:100%;padding:0;margin-bottom:var(--gap,0px)}}#us_grid_1 .w-grid-item-h:before{padding-bottom:75%}.layout_gallery_cropped .w-grid-item-h:before{padding-bottom:100%}@media (min-width:601px){.layout_gallery_cropped .w-grid-item.size_1x2 .w-grid-item-h:before{padding-bottom:calc(200% + var(--gap,0px) * 2)}.layout_gallery_cropped .w-grid-item.size_2x1 .w-grid-item-h:before{padding-bottom:calc(50% - var(--gap,0px) * 1)}.layout_gallery_cropped .w-grid-item.size_2x2 .w-grid-item-h:before{padding-bottom:calc(100% - var(--gap,0px) * 0)}}.layout_gallery_cropped .w-grid-item-h{}.layout_gallery_cropped .usg_post_image_1{position:absolute!important;left:0!important;top:0!important;bottom:0!important;right:0!important}<\/style><div class=\"w-grid-list\">\t<article class=\"w-grid-item size_1x1 post-1614 attachment type-attachment status-inherit hentry\" data-id=\"1614\">\r\n\t\t<div class=\"w-grid-item-h\">\r\n\t\t\t\t\t\t\t<a ref=\"magnificPopupGrid\" href=\"https:\/\/ecequipamentos.com.br\/wp-content\/uploads\/foto-finnrotor-01.jpg\" class=\"w-grid-item-anchor\" aria-label=\"Finn Rotor - Rotores hidr\u00e1ulicos\" title=\"Finn Rotor - Rotores hidr\u00e1ulicos\"><\/a>\r\n\t\t\t\t\t\t<div class=\"w-post-elm post_image usg_post_image_1 stretched\"><img loading=\"lazy\" decoding=\"async\" width=\"1200\" height=\"800\" src=\"https:\/\/ecequipamentos.com.br\/wp-content\/uploads\/foto-finnrotor-01.jpg\" class=\"attachment-full size-full\" alt=\"Finn Rotor - Rotatores Hidr\u00e1ulicos\" srcset=\"https:\/\/ecequipamentos.com.br\/wp-content\/uploads\/foto-finnrotor-01.jpg 1200w, https:\/\/ecequipamentos.com.br\/wp-content\/uploads\/foto-finnrotor-01-300x200.jpg 300w, https:\/\/ecequipamentos.com.br\/wp-content\/uploads\/foto-finnrotor-01-1024x683.jpg 1024w, https:\/\/ecequipamentos.com.br\/wp-content\/uploads\/foto-finnrotor-01-18x12.jpg 18w\" sizes=\"auto, (max-width: 1200px) 100vw, 1200px\" \/><\/div>\t\t<\/div>\r\n\t\t\t<\/article>\r\n\t<article class=\"w-grid-item size_1x1 post-1615 attachment type-attachment status-inherit hentry\" data-id=\"1615\">\r\n\t\t<div class=\"w-grid-item-h\">\r\n\t\t\t\t\t\t\t<a ref=\"magnificPopupGrid\" href=\"https:\/\/ecequipamentos.com.br\/wp-content\/uploads\/foto-finnrotor-02.jpg\" class=\"w-grid-item-anchor\" aria-label=\"Finn Rotor - Rotores hidr\u00e1ulicos\" title=\"Finn Rotor - Rotores hidr\u00e1ulicos\"><\/a>\r\n\t\t\t\t\t\t<div class=\"w-post-elm post_image usg_post_image_1 stretched\"><img loading=\"lazy\" decoding=\"async\" width=\"1200\" height=\"689\" src=\"https:\/\/ecequipamentos.com.br\/wp-content\/uploads\/foto-finnrotor-02.jpg\" class=\"attachment-full size-full\" alt=\"Finn Rotor - Rotatores Hidr\u00e1ulicos\" srcset=\"https:\/\/ecequipamentos.com.br\/wp-content\/uploads\/foto-finnrotor-02.jpg 1200w, https:\/\/ecequipamentos.com.br\/wp-content\/uploads\/foto-finnrotor-02-300x172.jpg 300w, https:\/\/ecequipamentos.com.br\/wp-content\/uploads\/foto-finnrotor-02-1024x588.jpg 1024w, https:\/\/ecequipamentos.com.br\/wp-content\/uploads\/foto-finnrotor-02-18x10.jpg 18w\" sizes=\"auto, (max-width: 1200px) 100vw, 1200px\" \/><\/div>\t\t<\/div>\r\n\t\t\t<\/article>\r\n<\/div><div class=\"w-grid-preloader\">\t<div class=\"g-preloader type_2\">\r\n\t\t<div><\/div>\r\n\t<\/div>\r\n\t<\/div>\t<div class=\"w-grid-json hidden\" onclick='return {&quot;action&quot;:&quot;us_ajax_grid&quot;,&quot;infinite_scroll&quot;:0,&quot;max_num_pages&quot;:1,&quot;pagination&quot;:&quot;none&quot;,&quot;template_vars&quot;:{&quot;columns&quot;:&quot;2&quot;,&quot;exclude_items&quot;:&quot;none&quot;,&quot;img_size&quot;:&quot;full&quot;,&quot;ignore_items_size&quot;:0,&quot;items_layout&quot;:&quot;gallery_cropped&quot;,&quot;items_offset&quot;:&quot;1&quot;,&quot;load_animation&quot;:&quot;none&quot;,&quot;overriding_link&quot;:&quot;%7B%22type%22%3A%22popup_image%22%7D&quot;,&quot;post_id&quot;:0,&quot;query_args&quot;:{&quot;post_type&quot;:[&quot;attachment&quot;],&quot;post__in&quot;:[&quot;1614&quot;,&quot;1615&quot;],&quot;post_status&quot;:&quot;inherit&quot;,&quot;post_mime_type&quot;:&quot;image&quot;,&quot;posts_per_page&quot;:&quot;2&quot;},&quot;orderby_query_args&quot;:{&quot;orderby&quot;:{&quot;post__in&quot;:&quot;ASC&quot;},&quot;order&quot;:&quot;ASC&quot;},&quot;type&quot;:&quot;grid&quot;,&quot;us_grid_post_type&quot;:&quot;attachment&quot;,&quot;us_grid_ajax_index&quot;:1,&quot;us_grid_filter_query_string&quot;:null,&quot;us_grid_index&quot;:1,&quot;page_args&quot;:[]}}'><\/div>\r\n\t<\/div><\/div><\/div><\/div><\/div><\/section><section class=\"l-section wpb_row us_custom_e06561ba height_medium\"><div class=\"l-section-h i-cf\"><div class=\"g-cols vc_row via_grid cols_1 laptops-cols_inherit tablets-cols_inherit mobiles-cols_1 valign_top type_default stacking_default\"><div class=\"wpb_column vc_column_container\"><div class=\"vc_column-inner\"><div class=\"wpb_text_column us_custom_602c3f15\"><div class=\"wpb_wrapper\"><h2>V\u00eddeos<\/h2>\n<\/div><\/div><div class=\"w-separator size_medium\"><\/div><div class=\"w-video us_custom_9d075fae align_center ratio_16x9 has_border_radius\"><div class=\"w-video-h\"><video  preload=\"metadata\" playsinline controls autoplay loop><source type=\"video\/mp4\" src=\"https:\/\/ecequipamentos.com.br\/wp-content\/uploads\/video-finnrotor-01.mp4\" \/><\/video><\/div><div class=\"w-video-icon\" style=\"font-size:1.5rem;background:rgba(0,0,0,0.5);color:#fff\"><\/div><\/div><\/div><\/div><\/div><\/div><\/section><section class=\"l-section wpb_row height_auto width_full\"><div class=\"l-section-h i-cf\"><div class=\"g-cols vc_row via_grid cols_2 laptops-cols_inherit tablets-cols_inherit mobiles-cols_1 valign_top type_default stacking_default\" style=\"--gap:0rem;\"><div class=\"wpb_column vc_column_container\"><div class=\"vc_column-inner\"><div class=\"w-video align_center ratio_16x9\"><div class=\"w-video-h\"><video  preload=\"metadata\" playsinline controls><source type=\"video\/mp4\" src=\"https:\/\/ecequipamentos.com.br\/wp-content\/uploads\/video-finnrotor-02.mp4\" \/><\/video><\/div><div class=\"w-video-icon\" style=\"font-size:1.5rem;background:rgba(0,0,0,0.5);color:#fff\"><\/div><\/div><\/div><\/div><div class=\"wpb_column vc_column_container\"><div class=\"vc_column-inner\"><div class=\"w-video align_center ratio_16x9\"><div class=\"w-video-h\"><video  preload=\"metadata\" playsinline controls><source type=\"video\/mp4\" src=\"https:\/\/ecequipamentos.com.br\/wp-content\/uploads\/video-finnrotor-04.mp4\" \/><\/video><\/div><div class=\"w-video-icon\" style=\"font-size:1.5rem;background:rgba(0,0,0,0.5);color:#fff\"><\/div><\/div><\/div><\/div><\/div><\/div><\/section><section class=\"l-section wpb_row height_medium\"><div class=\"l-section-h i-cf\"><div class=\"g-cols vc_row via_grid cols_1 laptops-cols_inherit tablets-cols_inherit mobiles-cols_1 valign_top type_default stacking_default\"><div class=\"wpb_column vc_column_container\"><div class=\"vc_column-inner\"><div class=\"w-image us_custom_176558cd align_center\"><div class=\"w-image-h\"><img decoding=\"async\" width=\"525\" height=\"525\" src=\"https:\/\/ecequipamentos.com.br\/wp-content\/uploads\/selo-finnrotor.webp\" class=\"attachment-full size-full\" alt=\"Finn Rotor - ISO 9001\u202214001\" loading=\"lazy\" srcset=\"https:\/\/ecequipamentos.com.br\/wp-content\/uploads\/selo-finnrotor.webp 525w, https:\/\/ecequipamentos.com.br\/wp-content\/uploads\/selo-finnrotor-300x300.webp 300w, https:\/\/ecequipamentos.com.br\/wp-content\/uploads\/selo-finnrotor-150x150.webp 150w, https:\/\/ecequipamentos.com.br\/wp-content\/uploads\/selo-finnrotor-12x12.webp 12w\" sizes=\"auto, (max-width: 525px) 100vw, 525px\" \/><\/div><\/div><div class=\"w-separator size_small\"><\/div><div class=\"wpb_text_column us_custom_602c3f15\"><div class=\"wpb_wrapper\"><h3>Calidad y medio ambiente<\/h3>\n<p>La calidad y el respeto al medio ambiente de nuestros productos y procesos de fabricaci\u00f3n siempre han sido prioridades en todo lo que hacemos. Los sistemas de calidad y medio ambiente de <strong>Finn-Rotor<\/strong> est\u00e1n certificados conforme a las normas <strong>ISO 9001<\/strong> e <strong>ISO 14001<\/strong> desde la d\u00e9cada de 1990.<\/p>\n<\/div><\/div><\/div><\/div><\/div><\/div><\/section><section class=\"l-section wpb_row us_custom_ad22d5c8 height_medium with_img\"><div class=\"l-section-img\" role=\"img\" data-img-width=\"1200\" data-img-height=\"671\" style=\"background-image: url(https:\/\/ecequipamentos.com.br\/wp-content\/uploads\/bg_finnrotor.jpg);background-position: bottom center;\"><\/div><div class=\"l-section-h i-cf\"><div class=\"g-cols vc_row via_grid cols_1 laptops-cols_inherit tablets-cols_inherit mobiles-cols_1 valign_top type_default stacking_default\"><div class=\"wpb_column vc_column_container\"><div class=\"vc_column-inner\"><div class=\"w-image us_custom_65fb6ed5 align_center\"><div class=\"w-image-h\"><img decoding=\"async\" width=\"1789\" height=\"375\" src=\"https:\/\/ecequipamentos.com.br\/wp-content\/uploads\/finnrotor-branco.png\" class=\"attachment-full size-full\" alt=\"Finn Rotor\u00ae\" loading=\"lazy\" srcset=\"https:\/\/ecequipamentos.com.br\/wp-content\/uploads\/finnrotor-branco.png 1789w, https:\/\/ecequipamentos.com.br\/wp-content\/uploads\/finnrotor-branco-300x63.png 300w, https:\/\/ecequipamentos.com.br\/wp-content\/uploads\/finnrotor-branco-1024x215.png 1024w, https:\/\/ecequipamentos.com.br\/wp-content\/uploads\/finnrotor-branco-18x4.png 18w\" sizes=\"auto, (max-width: 1789px) 100vw, 1789px\" \/><\/div><\/div><\/div><\/div><\/div><\/div><\/section>","protected":false},"excerpt":{"rendered":"","protected":false},"author":1,"featured_media":58,"parent":0,"menu_order":5,"comment_status":"closed","ping_status":"closed","template":"","meta":{"footnotes":""},"class_list":["post-1522","page","type-page","status-publish","has-post-thumbnail","hentry"],"_links":{"self":[{"href":"https:\/\/ecequipamentos.com.br\/es\/wp-json\/wp\/v2\/pages\/1522","targetHints":{"allow":["GET"]}}],"collection":[{"href":"https:\/\/ecequipamentos.com.br\/es\/wp-json\/wp\/v2\/pages"}],"about":[{"href":"https:\/\/ecequipamentos.com.br\/es\/wp-json\/wp\/v2\/types\/page"}],"author":[{"embeddable":true,"href":"https:\/\/ecequipamentos.com.br\/es\/wp-json\/wp\/v2\/users\/1"}],"replies":[{"embeddable":true,"href":"https:\/\/ecequipamentos.com.br\/es\/wp-json\/wp\/v2\/comments?post=1522"}],"version-history":[{"count":88,"href":"https:\/\/ecequipamentos.com.br\/es\/wp-json\/wp\/v2\/pages\/1522\/revisions"}],"predecessor-version":[{"id":1652,"href":"https:\/\/ecequipamentos.com.br\/es\/wp-json\/wp\/v2\/pages\/1522\/revisions\/1652"}],"wp:featuredmedia":[{"embeddable":true,"href":"https:\/\/ecequipamentos.com.br\/es\/wp-json\/wp\/v2\/media\/58"}],"wp:attachment":[{"href":"https:\/\/ecequipamentos.com.br\/es\/wp-json\/wp\/v2\/media?parent=1522"}],"curies":[{"name":"wp","href":"https:\/\/api.w.org\/{rel}","templated":true}]}}