{"id":3,"date":"2023-10-24T16:06:44","date_gmt":"2023-10-24T19:06:44","guid":{"rendered":"https:\/\/wcria.cloud\/sites\/ecequipamentos\/?page_id=3"},"modified":"2025-05-05T16:17:27","modified_gmt":"2025-05-05T19:17:27","slug":"politica-de-privacidade","status":"publish","type":"page","link":"https:\/\/ecequipamentos.com.br\/es\/politica-de-privacidade\/","title":{"rendered":"Pol\u00edtica de privacidad"},"content":{"rendered":"<section class=\"l-section wpb_row height_medium\"><div class=\"l-section-h i-cf\"><div class=\"g-cols vc_row via_grid cols_1 laptops-cols_inherit tablets-cols_inherit mobiles-cols_1 valign_top type_default stacking_default\"><div class=\"wpb_column vc_column_container\"><div class=\"vc_column-inner\"><h2 class=\"w-text\"><span class=\"w-text-h\"><span class=\"w-text-value\">Pol\u00edtica de privacidad<\/span><\/span><\/h2><div class=\"w-separator size_small\"><\/div><div class=\"wpb_text_column us_custom_d1d3b3c6\"><div class=\"wpb_wrapper\"><p>Pol\u00edtica de privacidad de <strong>Equipo CE,<\/strong> que tiene por objeto regular y establecer el tratamiento de los datos obtenidos a trav\u00e9s de nuestro sitio web.<\/p>\n<p>Recopilamos, utilizamos y procesamos determinados datos personales pertenecientes a los usuarios de nuestro sitio web y a los usuarios de nuestros servicios. Al hacerlo, actuamos como responsables y encargados del tratamiento de estos datos y estamos sujetos a las disposiciones de la Ley Federal n.\u00ba 13.709\/2018 (Ley General de Protecci\u00f3n de Datos Personales - LGPD).<\/p>\n<p>Tambi\u00e9n nos ocupamos de la protecci\u00f3n de sus datos personales. En vista de ello, la seguridad de sus datos y su privacidad son nuestra preocupaci\u00f3n, por lo que hemos puesto a su disposici\u00f3n esta pol\u00edtica de privacidad, que contiene informaci\u00f3n importante sobre:<\/p>\n<ul>\n<li>Qu\u00e9 datos recogemos y qu\u00e9 hacemos con ellos.<\/li>\n<li>Medidas de seguridad, almacenamiento y tratamiento de datos.<\/li>\n<li>Sus derechos en relaci\u00f3n con sus datos personales.<\/li>\n<li>Qui\u00e9n debe utilizar nuestro sitio web y nuestros servicios.<\/li>\n<li>C\u00f3mo ponerse en contacto con nosotros.<\/li>\n<\/ul>\n<p>Los t\u00e9rminos de nuestra pol\u00edtica de privacidad son los siguientes, sin excluir las normas administrativas y legales complementarias que puedan incluirse en este instrumento.<\/p>\n<\/div><\/div><div class=\"w-separator size_medium\"><\/div><div class=\"wpb_text_column us_custom_d1d3b3c6\"><div class=\"wpb_wrapper\"><h3><strong>1. Derechos de los usuarios<\/strong><\/h3>\n<p>A <strong>Equipos CE<\/strong> garantiza que las personas f\u00edsicas que utilizan el sitio web y las personas jur\u00eddicas que adquieren servicios tienen derechos sobre sus datos personales, en los t\u00e9rminos de la Ley n\u00ba 13.709\/2018. Los derechos concedidos a las personas f\u00edsicas y jur\u00eddicas, sin perjuicio de las limitaciones previstas en la Ley General de Protecci\u00f3n de Datos Personales y dem\u00e1s legislaci\u00f3n pertinente, son:<\/p>\n<ul>\n<li>Confirmaci\u00f3n de la existencia de tratamiento.<\/li>\n<li>Acceso a los datos.<\/li>\n<li>Correcci\u00f3n de datos incompletos, inexactos u obsoletos.<\/li>\n<li>Anonimizaci\u00f3n, bloqueo o supresi\u00f3n de datos innecesarios, excesivos o tratados infringiendo la ley.<\/li>\n<li>Portabilidad de los datos a otro proveedor de servicios o productos, previa solicitud expresa, de conformidad con la normativa de la autoridad nacional, respetando los secretos comerciales e industriales.<\/li>\n<li>Supresi\u00f3n de datos personales tratados con el consentimiento del interesado, salvo en los casos previstos por la ley.<\/li>\n<li>Informaci\u00f3n sobre organismos p\u00fablicos y privados con los que el responsable del tratamiento ha compartido datos.<\/li>\n<li>Informaci\u00f3n sobre la posibilidad de no dar el consentimiento y las consecuencias de negarse.<\/li>\n<li>Revocaci\u00f3n del consentimiento.<\/li>\n<\/ul>\n<\/div><\/div><div class=\"w-separator size_medium\"><\/div><div class=\"wpb_text_column us_custom_d1d3b3c6\"><div class=\"wpb_wrapper\"><h3><strong>2. C\u00f3mo pueden ejercer sus derechos los interesados<\/strong><\/h3>\n<p>Si tiene alguna pregunta sobre sus derechos en virtud de la LGPD o sobre c\u00f3mo ejercerlos, p\u00f3ngase en contacto con nosotros en contato@ecequipamentos.com.<\/p>\n<p>Con el fin de garantizar la correcta identificaci\u00f3n del usuario que pretenda ejercer sus derechos, podremos solicitar documentos u otra informaci\u00f3n que acredite su identificaci\u00f3n, con el fin de salvaguardar nuestros derechos as\u00ed como los derechos de terceros. Dicha acci\u00f3n s\u00f3lo se llevar\u00e1 a cabo si es absolutamente necesaria, y el usuario recibir\u00e1 toda la informaci\u00f3n resultante de la solicitud.<\/p>\n<\/div><\/div><div class=\"w-separator size_medium\"><\/div><div class=\"wpb_text_column us_custom_d1d3b3c6\"><div class=\"wpb_wrapper\"><h3><strong>3. Datos recogidos y motivos<\/strong><\/h3>\n<p>Nuestro sitio web recoge y utiliza algunos de los datos personales de nuestros usuarios, tal y como se expone en esta secci\u00f3n.<\/p>\n<p>Podemos recopilar informaci\u00f3n sobre las p\u00e1ginas a las que accede, informaci\u00f3n sobre el dispositivo m\u00f3vil a trav\u00e9s del cual accede a nuestro sitio web (modelo de dispositivo o tipo de navegador), as\u00ed como la informaci\u00f3n que nos env\u00eda (como la direcci\u00f3n de correo electr\u00f3nico utilizada para recibir nuestros materiales y contratar nuestros servicios).<\/p>\n<p>Cuando usted accede a nuestro sitio web o a nuestras campa\u00f1as, podemos recopilar y almacenar su direcci\u00f3n IP; podemos utilizar esta informaci\u00f3n para combatir el spam y otros abusos; y\/o, para generar informaci\u00f3n agregada y no identificativa sobre c\u00f3mo las personas acceden a nuestro sitio web y se comportan cuando acceden a nuestras campa\u00f1as.<\/p>\n<p>As informa\u00e7\u00f5es recolhidas poder\u00e3o tamb\u00e9m ser utilizadas para orientar campanhas de marketing em geral, bem como para comp\u00f4ser dados estat\u00edsticos com fins comerciais, informativos e anal\u00edticos, que poder\u00e3o ser compartilhados com parceiros, patrocinadores, anunciantes ou contratantes dos servi\u00e7os da EC Equipamentos.<\/p>\n<p>No se recopilar\u00e1n datos sensibles de nuestros usuarios, de conformidad con los art\u00edculos 11 y siguientes de la Ley de Protecci\u00f3n de Datos Personales. As\u00ed, no se recoger\u00e1n datos sobre el origen racial o \u00e9tnico, las convicciones religiosas, las opiniones pol\u00edticas, la pertenencia a un sindicato o a una organizaci\u00f3n religiosa, filos\u00f3fica o pol\u00edtica, datos relativos a la salud o a la vida sexual, datos gen\u00e9ticos o biom\u00e9tricos, cuando est\u00e9n vinculados a una persona f\u00edsica.<\/p>\n<\/div><\/div><div class=\"w-separator size_medium\"><\/div><div class=\"wpb_text_column us_custom_d1d3b3c6\"><div class=\"wpb_wrapper\"><h3><strong>4. C\u00f3mo recopilamos los datos<\/strong><\/h3>\n<p style=\"padding-left: 40px;\"><strong>4.1 Datos proporcionados por el propietario<\/strong><\/p>\n<p style=\"padding-left: 40px;\">Se trata de los datos personales proporcionados por el usuario al registrarse en nuestro sitio y\/o al utilizar nuestros servicios, as\u00ed como al acceder a nuestras campa\u00f1as realizadas en nombre de terceros contratistas, que pueden incluir el nombre, la direcci\u00f3n de correo electr\u00f3nico, el n\u00famero de tel\u00e9fono y la fecha de nacimiento del usuario. Si el usuario lo desea, puede proporcionar datos personales adicionales.<\/p>\n<p style=\"padding-left: 40px;\">Los datos personales exactos que recopilamos dependen de c\u00f3mo se cree el registro y de si se utilizan servicios de terceros. Si el usuario utiliza servicios de terceros para crear el registro, recibiremos datos personales a trav\u00e9s de ese servicio de terceros.<\/p>\n<p style=\"padding-left: 40px;\"><strong>4.2 Env\u00edo de correos electr\u00f3nicos<\/strong><\/p>\n<p style=\"padding-left: 40px;\">Cuando se registre en el sitio, su nombre, direcci\u00f3n de correo electr\u00f3nico y n\u00famero de tel\u00e9fono se almacenar\u00e1n en una base de datos. Como ocurre con toda la informaci\u00f3n personal, s\u00f3lo acceder\u00e1n a ella los operadores estrictamente imprescindibles para la ejecuci\u00f3n de cualquier contrato de servicios. Es posible que le enviemos correos electr\u00f3nicos con nuestros boletines, informaci\u00f3n sobre nuestros servicios y productos o contenidos publicitarios.<\/p>\n<p style=\"padding-left: 40px;\">Al aceptar esta pol\u00edtica, da su consentimiento para recibir contenidos promocionales en su direcci\u00f3n de correo electr\u00f3nico. No obstante, en cualquier momento puede optar por darse de baja de dicho contenido enviando un correo electr\u00f3nico a contato@ecequipamentos.com. Todo el contenido del correo electr\u00f3nico que nos env\u00ede es confidencial.<\/p>\n<p style=\"padding-left: 80px;\"><strong>4.2.1 Mensajes de correo electr\u00f3nico no solicitados<\/strong><\/p>\n<p style=\"padding-left: 80px;\">Si cree que ya ha recibido un mensaje no solicitado, env\u00edenos su denuncia por correo electr\u00f3nico a contato@ecequipamentos.com. Analizaremos inmediatamente el contenido de su solicitud y tomaremos las medidas necesarias.<\/p>\n<p style=\"padding-left: 40px;\"><strong>4.3 WhatsApp<\/strong><\/p>\n<p style=\"padding-left: 40px;\">De vez en cuando, EC Equipamentos puede enviar mensajes de WhatsApp a los usuarios registrados. Los mensajes pueden contener informaci\u00f3n sobre productos y\/o servicios en los que pueda estar interesado.<\/p>\n<p style=\"padding-left: 40px;\">Si no desea seguir recibiendo comunicaciones por estos medios, env\u00ede su solicitud por correo electr\u00f3nico a contato@ecequipamentos.com. La analizaremos inmediatamente.<\/p>\n<p style=\"padding-left: 40px;\"><strong>4.4 Cookies<\/strong><\/p>\n<p style=\"padding-left: 40px;\">Las cookies son peque\u00f1os archivos de texto que se descargan autom\u00e1ticamente en su dispositivo cuando accede a un sitio web y navega por \u00e9l. Utilizamos cookies y otras tecnolog\u00edas de identificaci\u00f3n en nuestro sitio web, comunicaciones por correo electr\u00f3nico, anuncios y otros servicios en l\u00ednea. Se utilizan b\u00e1sicamente para poder identificar los dispositivos, actividades y preferencias de los usuarios. Adem\u00e1s, podemos hacer un seguimiento de sus visitas y saber qu\u00e9 busca, cu\u00e1nto tiempo pasa en cada p\u00e1gina, entre otras cosas importantes, para poder atenderle siempre de la mejor manera posible y ofrecerle la mejor informaci\u00f3n y oportunidades posibles.<\/p>\n<p style=\"padding-left: 40px;\">Las cookies no permiten extraer ning\u00fan archivo o informaci\u00f3n del disco duro del usuario, ni acceder a informaci\u00f3n personal que no proceda del usuario o de la forma en que utiliza los recursos del sitio.<\/p>\n<p style=\"padding-left: 40px;\">Esta es una lista de las cookies que utilizamos. Las hemos enumerado para que pueda elegir si desea aceptar las cookies. Tambi\u00e9n puede consultar la pol\u00edtica de privacidad de cada una de las cookies de terceros en sus respectivos sitios web: Facebook, Instagram, Google Analytics, Google, herramientas de Inbound Marketing, gesti\u00f3n de la relaci\u00f3n con el cliente, plataforma de gesti\u00f3n de llamadas, sitios web propios, herramientas para planificar campa\u00f1as de marketing.<\/p>\n<p style=\"padding-left: 40px;\">El usuario puede oponerse al registro de cookies por parte del sitio web simplemente desactivando esta opci\u00f3n en su propio navegador. En los siguientes enlaces encontrar\u00e1 m\u00e1s informaci\u00f3n sobre c\u00f3mo hacerlo en algunos de los principales navegadores utilizados en la actualidad:<\/p>\n<p style=\"padding-left: 40px;\"><strong>Internet Explorer:<\/strong>\u00a0<a href=\"https:\/\/support.microsoft.com\/pt-br\/help\/17442\/windows-internet-explorer-delete-manage-cookies\" target=\"_blank\" rel=\"noopener\">(pulse aqu\u00ed)<\/a><br \/>\n<strong>Safari:<\/strong>\u00a0<a href=\"https:\/\/support.apple.com\/pt-br\/guide\/safari\/sfri11471\/mac\" target=\"_blank\" rel=\"noopener\">(pulse aqu\u00ed)<\/a><br \/>\n<strong>Google Chrome:<\/strong>\u00a0<a href=\"https:\/\/support.google.com\/chrome\/answer\/95647?hl=pt-BR&amp;hlrm=pt\" target=\"_blank\" rel=\"noopener\">(pulse aqu\u00ed)<\/a><br \/>\n<strong>Mozilla Firefox:<\/strong>\u00a0<a href=\"https:\/\/support.mozilla.com\/pt-BR\/kb\/ative-e-desative-os-cookies-que-os-sites-usam\" target=\"_blank\" rel=\"noopener\">(pulse aqu\u00ed)<\/a><br \/>\n<strong>\u00d3pera:<\/strong>\u00a0<a href=\"https:\/\/support.opera.com\/help\/tutorials\/security\/privacy\/\" target=\"_blank\" rel=\"noopener\">(pulse aqu\u00ed)<\/a><\/p>\n<p style=\"padding-left: 40px;\">No obstante, la desactivaci\u00f3n de las cookies puede afectar a la disponibilidad de algunas herramientas y funcionalidades del sitio web, comprometiendo su correcto y esperado funcionamiento. Otra posible consecuencia es la eliminaci\u00f3n de las preferencias del usuario que puedan haberse guardado, poniendo en peligro la experiencia del usuario.<\/p>\n<\/div><\/div><div class=\"w-separator size_medium\"><\/div><div class=\"wpb_text_column us_custom_d1d3b3c6\"><div class=\"wpb_wrapper\"><h3><strong>5. Finalidad para la que se utilizan los datos personales<\/strong><\/h3>\n<p>Cuando los usuarios acceden al sitio y\/o se registran, utilizamos sus datos personales por diversos motivos. Tratamos y procesamos los datos personales de nuestros usuarios en los siguientes casos:<\/p>\n<ul>\n<li>Con el consentimiento del titular de los datos personales.<\/li>\n<li>Para el ejercicio regular de derechos en procedimientos judiciales, administrativos o de arbitraje.<\/li>\n<li>Para la ejecuci\u00f3n de un contrato o procedimientos preliminares relacionados con un contrato en el que el interesado sea parte, a petici\u00f3n del interesado.<\/li>\n<li>Cuando sea necesario para satisfacer los intereses leg\u00edtimos del responsable y del encargado del tratamiento o del tercero contratista.<\/li>\n<li>Llevar a cabo el procedimiento de anonimizaci\u00f3n que permita el uso cuantitativo de los datos, sin vulnerar en ning\u00fan caso los datos sensibles y personales.<\/li>\n<\/ul>\n<p style=\"padding-left: 40px;\"><strong>5.1 Consentimiento<\/strong><\/p>\n<p style=\"padding-left: 40px;\">Cuando facilita sus datos personales para obtener m\u00e1s informaci\u00f3n sobre un servicio y\/o producto, realizar una transacci\u00f3n, recibir correos electr\u00f3nicos gratuitos, marketing, participar en seminarios, acceder a libros electr\u00f3nicos y otros materiales digitales, acepta que recopilemos y utilicemos sus datos personales \u00fanicamente para estos fines espec\u00edficos.<\/p>\n<p style=\"padding-left: 40px;\">El usuario puede revocar su consentimiento en cualquier momento, y si no existe ninguna hip\u00f3tesis legal que permita o exija el almacenamiento de los datos, los datos facilitados con consentimiento para una actividad espec\u00edfica son informados antes de su tratamiento.<\/p>\n<p style=\"padding-left: 40px;\"><strong>5.2 Ejecuci\u00f3n del contrato<\/strong><\/p>\n<p style=\"padding-left: 40px;\">Para la ejecuci\u00f3n del contrato de compra, venta o prestaci\u00f3n de servicios que se haya podido firmar entre el sitio, el usuario y los contratistas de EC Equipamentos, se podr\u00e1n recoger, tratar y almacenar otros datos relacionados o necesarios para su ejecuci\u00f3n, incluido el contenido de cualquier comunicaci\u00f3n con el usuario.<\/p>\n<p style=\"padding-left: 40px;\"><strong>5.3 Inter\u00e9s leg\u00edtimo<\/strong><\/p>\n<p style=\"padding-left: 40px;\">Para determinadas operaciones de tratamiento de datos personales, nos basamos exclusivamente en nuestro inter\u00e9s leg\u00edtimo. Para saber m\u00e1s sobre los casos concretos en los que utilizamos esta base jur\u00eddica, o para obtener m\u00e1s informaci\u00f3n sobre las pruebas que realizamos para asegurarnos de que podemos utilizarla, p\u00f3ngase en contacto con nosotros en contato@ecequipamentos.com.<\/p>\n<\/div><\/div><div class=\"w-separator size_medium\"><\/div><div class=\"wpb_text_column us_custom_d1d3b3c6\"><div class=\"wpb_wrapper\"><h3><strong>6. Cu\u00e1nto tiempo se almacenar\u00e1n sus datos personales<\/strong><\/h3>\n<p>Los datos personales recogidos por el sitio web son almacenados y utilizados durante un periodo que se corresponde con lo necesario para alcanzar las finalidades enumeradas en este documento y que tiene en cuenta los derechos de sus titulares, los derechos del responsable del sitio web y las disposiciones legales o reglamentarias aplicables, observando lo dispuesto en la Ley General de Protecci\u00f3n de Datos para el tratamiento y explotaci\u00f3n de los datos.<\/p>\n<p>Una vez transcurridos los plazos de conservaci\u00f3n de los datos personales, \u00e9stos se eliminan de nuestras bases de datos o se anonimizan, salvo en los casos en que su conservaci\u00f3n sea posible o necesaria debido a disposiciones legales o reglamentarias.<\/p>\n<\/div><\/div><div class=\"w-separator size_medium\"><\/div><div class=\"wpb_text_column us_custom_d1d3b3c6\"><div class=\"wpb_wrapper\"><h3><strong>7. Medidas de seguridad en el tratamiento de datos personales<\/strong><\/h3>\n<p>Empleamos medidas t\u00e9cnicas, legales y organizativas para proteger los datos personales del acceso no autorizado y de su destrucci\u00f3n, p\u00e9rdida o alteraci\u00f3n.<\/p>\n<p>Aunque hagamos todo lo que est\u00e9 en nuestras manos para evitar incidentes de seguridad, es posible que se produzca un problema causado exclusivamente por un tercero, como en el caso de ataques de piratas inform\u00e1ticos o crackers, o incluso en caso de culpa exclusiva del usuario, que se produce, por ejemplo, cuando transfiere o vincula sus datos a un tercero. Por lo tanto, aunque en general somos responsables de los datos personales que tratamos, declinamos toda responsabilidad en caso de que se produzca una situaci\u00f3n excepcional sobre la que no tengamos ning\u00fan tipo de control.<\/p>\n<p>En cualquier caso, si se produjera cualquier tipo de incidencia de seguridad que pudiera generar un riesgo o da\u00f1o significativo para cualquiera de nuestros usuarios, de la que tengamos conocimiento, notificaremos la incidencia a los afectados y a la Autoridad Nacional de Protecci\u00f3n de Datos, de acuerdo con lo establecido en la LOPD.<\/p>\n<p>Para proteger su informaci\u00f3n personal, tomamos precauciones y seguimos las normas actuales del sector para garantizar que la informaci\u00f3n personal no se pierda, se utilice indebidamente, se acceda a ella, se divulgue, se altere o se destruya.<\/p>\n<\/div><\/div><div class=\"w-separator size_medium\"><\/div><div class=\"wpb_text_column us_custom_d1d3b3c6\"><div class=\"wpb_wrapper\"><h3><strong>8. Enlaces<\/strong><\/h3>\n<p>Al hacer clic en los enlaces de nuestro sitio, es posible que le dirijan fuera de \u00e9l. No somos responsables de las pr\u00e1cticas de privacidad de otros sitios web y le recomendamos que lea sus pol\u00edticas de privacidad.<\/p>\n<\/div><\/div><div class=\"w-separator size_medium\"><\/div><div class=\"wpb_text_column us_custom_d1d3b3c6\"><div class=\"wpb_wrapper\"><h3><strong>9. Compartir datos personales<\/strong><\/h3>\n<p>Podemos compartir informaci\u00f3n con proveedores, socios, contratistas, patrocinadores y anunciantes que cumplan nuestras normas de protecci\u00f3n de datos. Podemos revelar su informaci\u00f3n personal si la ley nos obliga a ello.<\/p>\n<p>Tambi\u00e9n podremos compartir los datos que nos proporcione con otras plataformas de EC Equipamentos, respetando siempre los fines para los que se comparten.<\/p>\n<p>Adem\u00e1s de las situaciones aqu\u00ed descritas, podemos compartir datos con terceros para cumplir una obligaci\u00f3n legal o reglamentaria, o para cumplir una orden emitida por una autoridad p\u00fablica.<\/p>\n<p>En cualquier caso, el intercambio de datos personales cumplir\u00e1 con todas las leyes y normas aplicables, buscando siempre garantizar la seguridad de los datos de nuestros usuarios, observando los est\u00e1ndares t\u00e9cnicos empleados en el mercado.<\/p>\n<\/div><\/div><div class=\"w-separator size_medium\"><\/div><div class=\"wpb_text_column us_custom_d1d3b3c6\"><div class=\"wpb_wrapper\"><h3><strong>10. Qui\u00e9n puede acceder\/utilizar nuestro sitio web<\/strong><\/h3>\n<p>Al utilizar este sitio, usted confirma que es mayor de 18 (dieciocho) a\u00f1os y que nos ha dado su consentimiento para permitir que cualquiera de sus dependientes menores de edad utilice este sitio.<\/p>\n<p>Si tenemos conocimiento de que hemos recogido los datos personales de una persona menor de 18 a\u00f1os, tomaremos las medidas razonables para eliminar sus datos personales de nuestro registro.<\/p>\n<\/div><\/div><div class=\"w-separator size_medium\"><\/div><div class=\"wpb_text_column us_custom_d1d3b3c6\"><div class=\"wpb_wrapper\"><h3><strong>11. Cambios en esta pol\u00edtica<\/strong><\/h3>\n<p>Esta versi\u00f3n de la Pol\u00edtica de privacidad se actualiz\u00f3 por \u00faltima vez el: 21\/01\/2024.<\/p>\n<p>Nos reservamos el derecho a modificar estas normas en cualquier momento, en particular para adaptarlas a cualquier cambio que se produzca en nuestro sitio, ya sea poniendo a disposici\u00f3n nuevas funciones o suprimiendo o modificando las existentes. Por lo tanto, le rogamos que las lea con frecuencia. Los cambios y aclaraciones entrar\u00e1n en vigor inmediatamente despu\u00e9s de su publicaci\u00f3n en el sitio.<\/p>\n<\/div><\/div><div class=\"w-separator size_medium\"><\/div><div class=\"wpb_text_column us_custom_d1d3b3c6\"><div class=\"wpb_wrapper\"><h3><strong>12. C\u00f3mo ponerse en contacto con nosotros<\/strong><\/h3>\n<p>Para aclarar cualquier duda sobre esta Pol\u00edtica de Privacidad o si desea acceder, corregir, modificar o eliminar cualquier informaci\u00f3n personal que tengamos sobre usted, registre una queja, o simplemente p\u00f3ngase en contacto con nosotros:<\/p>\n<p>Correo electr\u00f3nico:\u00a0<span style=\"color: #0f131f;\"><a style=\"color: #0f131f;\" href=\"mailto:contato@ecequipamentos.com\">contato@ecequipamentos.com<\/a><\/span><\/p>\n<\/div><\/div><\/div><\/div><\/div><\/div><\/section>","protected":false},"excerpt":{"rendered":"","protected":false},"author":1,"featured_media":0,"parent":0,"menu_order":13,"comment_status":"closed","ping_status":"closed","template":"","meta":{"footnotes":""},"class_list":["post-3","page","type-page","status-publish","hentry"],"_links":{"self":[{"href":"https:\/\/ecequipamentos.com.br\/es\/wp-json\/wp\/v2\/pages\/3","targetHints":{"allow":["GET"]}}],"collection":[{"href":"https:\/\/ecequipamentos.com.br\/es\/wp-json\/wp\/v2\/pages"}],"about":[{"href":"https:\/\/ecequipamentos.com.br\/es\/wp-json\/wp\/v2\/types\/page"}],"author":[{"embeddable":true,"href":"https:\/\/ecequipamentos.com.br\/es\/wp-json\/wp\/v2\/users\/1"}],"replies":[{"embeddable":true,"href":"https:\/\/ecequipamentos.com.br\/es\/wp-json\/wp\/v2\/comments?post=3"}],"version-history":[{"count":25,"href":"https:\/\/ecequipamentos.com.br\/es\/wp-json\/wp\/v2\/pages\/3\/revisions"}],"predecessor-version":[{"id":1256,"href":"https:\/\/ecequipamentos.com.br\/es\/wp-json\/wp\/v2\/pages\/3\/revisions\/1256"}],"wp:attachment":[{"href":"https:\/\/ecequipamentos.com.br\/es\/wp-json\/wp\/v2\/media?parent=3"}],"curies":[{"name":"wp","href":"https:\/\/api.w.org\/{rel}","templated":true}]}}