{"id":63,"date":"2023-10-25T04:44:12","date_gmt":"2023-10-25T07:44:12","guid":{"rendered":"https:\/\/wcria.cloud\/sites\/ecequipamentos\/?page_id=63"},"modified":"2025-05-05T16:22:36","modified_gmt":"2025-05-05T19:22:36","slug":"scanreco","status":"publish","type":"page","link":"https:\/\/ecequipamentos.com.br\/es\/scanreco\/","title":{"rendered":"Scanreco"},"content":{"rendered":"<section class=\"l-section wpb_row height_medium color_secondary with_img\" id=\"slide\"><div class=\"l-section-img\" role=\"img\" data-img-width=\"1200\" data-img-height=\"800\" style=\"background-image: url(https:\/\/ecequipamentos.com.br\/wp-content\/uploads\/DSC06723stickyblock.jpg);background-repeat: no-repeat;\"><\/div><div class=\"l-section-overlay\" style=\"background:linear-gradient(90deg,#000000,rgba(0,0,0,0))\"><\/div><div class=\"l-section-h i-cf\"><div class=\"g-cols vc_row via_grid cols_1 laptops-cols_inherit tablets-cols_1 mobiles-cols_1 valign_top type_default reversed stacking_default\" style=\"--gap:0rem;\"><div class=\"wpb_column vc_column_container\"><div class=\"vc_column-inner\"><h1 class=\"w-text us_custom_fc96a942\"><span class=\"w-text-h\"><span class=\"w-text-value\">Scanreco<\/span><\/span><\/h1><div class=\"wpb_text_column us_custom_2f6145a1\"><div class=\"wpb_wrapper\"><p>La empresa l\u00edder mundial en radiocontrol.<\/p>\n<\/div><\/div><div class=\"w-btn-wrapper align_none\"><a class=\"w-btn us-btn-style_1 us_custom_0207f80c\" href=\"#mais\"><span class=\"w-btn-label\">Seguir leyendo<\/span><\/a><\/div><\/div><\/div><\/div><\/div><\/section><section class=\"l-section wpb_row height_auto\" id=\"insuper\u00e1vel\"><div class=\"l-section-h i-cf\"><div class=\"g-cols vc_row via_grid cols_2 laptops-cols_inherit tablets-cols_1 mobiles-cols_1 valign_middle type_default stacking_default\" style=\"--gap:0px;\"><div class=\"wpb_column vc_column_container\"><div class=\"vc_column-inner\"><div class=\"w-separator size_large\"><\/div><div class=\"wpb_text_column us_custom_bc4b2cb4\"><div class=\"wpb_wrapper\"><h2>El mejor radiocontrol del mercado mundial<\/h2>\n<p>Somos distribuidores nacionales de la mayor empresa de radio control del mundo, SCANRECO. Estamos muy orgullosos de representarlos en el mercado brasile\u00f1o y en toda Am\u00e9rica Latina.<\/p>\n<\/div><\/div><div class=\"w-separator size_small\"><\/div><div class=\"w-text us_custom_19d145cb icon_atleft\"><span class=\"w-text-h\"><i class=\"fas fa-search-plus\"><\/i><span class=\"w-text-value\">HAGA CLIC PARA AMPLIAR<\/span><\/span><\/div><div class=\"w-separator size_custom\" style=\"height:5px\"><\/div><div class=\"w-grid us_custom_00841e3d type_grid layout_gallery_default cols_2 valign_center ratio_16x9\" id=\"us_grid_1\" style=\"--gap:5px;\" data-filterable=\"true\"><style>#us_grid_1 .w-grid-item-h:before{padding-bottom:56.25%}.layout_gallery_default .w-grid-item-h:before{padding-bottom:100%}@media (min-width:601px){.layout_gallery_default .w-grid-item.size_1x2 .w-grid-item-h:before{padding-bottom:calc(200% + var(--gap,0px) * 2)}.layout_gallery_default .w-grid-item.size_2x1 .w-grid-item-h:before{padding-bottom:calc(50% - var(--gap,0px) * 1)}.layout_gallery_default .w-grid-item.size_2x2 .w-grid-item-h:before{padding-bottom:calc(100% - var(--gap,0px) * 0)}}.layout_gallery_default .w-grid-item-h{}<\/style><div class=\"w-grid-list\">\t<article class=\"w-grid-item size_1x1 post-418 attachment type-attachment status-inherit hentry\" data-id=\"418\">\r\n\t\t<div class=\"w-grid-item-h\">\r\n\t\t\t\t\t\t\t<a ref=\"magnificPopupGrid\" href=\"https:\/\/ecequipamentos.com.br\/wp-content\/uploads\/img-06.jpg\" class=\"w-grid-item-anchor\" aria-label=\"Scanreco\" title=\"Scanreco\"><\/a>\r\n\t\t\t\t\t\t<div class=\"w-post-elm post_image usg_post_image_1 stretched\"><img loading=\"lazy\" decoding=\"async\" width=\"700\" height=\"400\" src=\"https:\/\/ecequipamentos.com.br\/wp-content\/uploads\/img-06.jpg\" class=\"attachment-large size-large\" alt=\"Scanreco\" srcset=\"https:\/\/ecequipamentos.com.br\/wp-content\/uploads\/img-06.jpg 700w, https:\/\/ecequipamentos.com.br\/wp-content\/uploads\/img-06-300x171.jpg 300w\" sizes=\"auto, (max-width: 700px) 100vw, 700px\" \/><\/div>\t\t<\/div>\r\n\t\t\t<\/article>\r\n\t<article class=\"w-grid-item size_1x1 post-1435 attachment type-attachment status-inherit hentry\" data-id=\"1435\">\r\n\t\t<div class=\"w-grid-item-h\">\r\n\t\t\t\t\t\t\t<a ref=\"magnificPopupGrid\" href=\"https:\/\/ecequipamentos.com.br\/wp-content\/uploads\/20240926_Scanreco-002-scaled.jpeg\" class=\"w-grid-item-anchor\" aria-label=\"Scanreco Radio Control - EC Equipamentos\" title=\"Scanreco Radio Control - EC Equipamentos\"><\/a>\r\n\t\t\t\t\t\t<div class=\"w-post-elm post_image usg_post_image_1 stretched\"><img loading=\"lazy\" decoding=\"async\" width=\"1024\" height=\"768\" src=\"https:\/\/ecequipamentos.com.br\/wp-content\/uploads\/20240926_Scanreco-002-1024x768.jpeg\" class=\"attachment-large size-large\" alt=\"R\u00e1dio Controle Scanreco - EC Equipamentos\" srcset=\"https:\/\/ecequipamentos.com.br\/wp-content\/uploads\/20240926_Scanreco-002-1024x768.jpeg 1024w, https:\/\/ecequipamentos.com.br\/wp-content\/uploads\/20240926_Scanreco-002-300x225.jpeg 300w, https:\/\/ecequipamentos.com.br\/wp-content\/uploads\/20240926_Scanreco-002-16x12.jpeg 16w\" sizes=\"auto, (max-width: 1024px) 100vw, 1024px\" \/><\/div>\t\t<\/div>\r\n\t\t\t<\/article>\r\n<\/div><div class=\"w-grid-preloader\">\t<div class=\"g-preloader type_2\">\r\n\t\t<div><\/div>\r\n\t<\/div>\r\n\t<\/div>\t<div class=\"w-grid-json hidden\" onclick='return {&quot;action&quot;:&quot;us_ajax_grid&quot;,&quot;infinite_scroll&quot;:0,&quot;max_num_pages&quot;:1,&quot;pagination&quot;:&quot;none&quot;,&quot;template_vars&quot;:{&quot;columns&quot;:&quot;2&quot;,&quot;exclude_items&quot;:&quot;none&quot;,&quot;img_size&quot;:&quot;default&quot;,&quot;ignore_items_size&quot;:0,&quot;items_layout&quot;:&quot;gallery_default&quot;,&quot;items_offset&quot;:&quot;1&quot;,&quot;load_animation&quot;:&quot;none&quot;,&quot;overriding_link&quot;:&quot;%7B%22type%22%3A%22popup_image%22%7D&quot;,&quot;post_id&quot;:0,&quot;query_args&quot;:{&quot;post_type&quot;:[&quot;attachment&quot;],&quot;post__in&quot;:[&quot;418&quot;,&quot;1435&quot;],&quot;post_status&quot;:&quot;inherit&quot;,&quot;post_mime_type&quot;:&quot;image&quot;,&quot;posts_per_page&quot;:&quot;2&quot;},&quot;orderby_query_args&quot;:{&quot;orderby&quot;:{&quot;post__in&quot;:&quot;ASC&quot;},&quot;order&quot;:&quot;ASC&quot;},&quot;type&quot;:&quot;grid&quot;,&quot;us_grid_post_type&quot;:&quot;attachment&quot;,&quot;us_grid_ajax_index&quot;:1,&quot;us_grid_filter_query_string&quot;:null,&quot;us_grid_index&quot;:1,&quot;page_args&quot;:[]}}'><\/div>\r\n\t<\/div><div class=\"w-separator size_large\"><\/div><\/div><\/div><div class=\"wpb_column vc_column_container\"><div class=\"vc_column-inner\"><div class=\"w-image align_center\"><div class=\"w-image-h\"><img decoding=\"async\" width=\"2560\" height=\"1920\" src=\"https:\/\/ecequipamentos.com.br\/wp-content\/uploads\/20240926_Scanreco-001-scaled.jpeg\" class=\"attachment-full size-full\" alt=\"R\u00e1dio Controle Scanreco - EC Equipamentos\" loading=\"lazy\" srcset=\"https:\/\/ecequipamentos.com.br\/wp-content\/uploads\/20240926_Scanreco-001-scaled.jpeg 2560w, https:\/\/ecequipamentos.com.br\/wp-content\/uploads\/20240926_Scanreco-001-300x225.jpeg 300w, https:\/\/ecequipamentos.com.br\/wp-content\/uploads\/20240926_Scanreco-001-1024x768.jpeg 1024w, https:\/\/ecequipamentos.com.br\/wp-content\/uploads\/20240926_Scanreco-001-16x12.jpeg 16w\" sizes=\"auto, (max-width: 2560px) 100vw, 2560px\" \/><\/div><\/div><\/div><\/div><\/div><\/div><\/section><section class=\"l-section wpb_row height_small color_primary with_img\" id=\"garantia\"><div class=\"l-section-img\" role=\"img\" data-img-width=\"1200\" data-img-height=\"500\" style=\"background-image: url(https:\/\/ecequipamentos.com.br\/wp-content\/uploads\/slide-scanreco.jpg);background-repeat: no-repeat;\"><\/div><div class=\"l-section-overlay\" style=\"background:rgba(15,19,31,0.80)\"><\/div><div class=\"l-section-h i-cf\"><div class=\"g-cols vc_row via_grid cols_2 laptops-cols_inherit tablets-cols_inherit mobiles-cols_1 valign_middle type_default stacking_default\" style=\"--gap:2rem;\"><div class=\"wpb_column vc_column_container\"><div class=\"vc_column-inner\"><div class=\"wpb_text_column us_custom_04c40667\"><div class=\"wpb_wrapper\"><h2>2 a\u00f1os de garant\u00eda<\/h2>\n<\/div><\/div><\/div><\/div><div class=\"wpb_column vc_column_container\"><div class=\"vc_column-inner\"><div class=\"w-image us_custom_0a6b3ebd align_center\"><div class=\"w-image-h\"><img decoding=\"async\" width=\"500\" height=\"169\" src=\"https:\/\/ecequipamentos.com.br\/wp-content\/uploads\/scanreco1.png\" class=\"attachment-full size-full\" alt=\"Scanreco\" loading=\"lazy\" srcset=\"https:\/\/ecequipamentos.com.br\/wp-content\/uploads\/scanreco1.png 500w, https:\/\/ecequipamentos.com.br\/wp-content\/uploads\/scanreco1-300x101.png 300w\" sizes=\"auto, (max-width: 500px) 100vw, 500px\" \/><\/div><\/div><\/div><\/div><\/div><\/div><\/section><section class=\"l-section wpb_row us_custom_c70c97eb height_medium\" id=\"vantagens\"><div class=\"l-section-h i-cf\"><div class=\"g-cols vc_row via_grid cols_1 laptops-cols_inherit tablets-cols_inherit mobiles-cols_1 valign_top type_default stacking_default\"><div class=\"wpb_column vc_column_container\"><div class=\"vc_column-inner\"><div class=\"g-cols wpb_row us_custom_b493d4ef via_grid cols_3 laptops-cols_inherit tablets-cols_inherit mobiles-cols_1 valign_top type_boxes stacking_default\" style=\"--gap:0px;\"><div class=\"wpb_column vc_column_container us_custom_e633cb3f\"><div class=\"vc_column-inner\"><div class=\"w-iconbox iconpos_top style_default color_primary align_center\"><div class=\"w-iconbox-icon\" style=\"font-size:4rem;\"><i class=\"far fa-signal-stream\"><\/i><\/div><div class=\"w-iconbox-meta\"><h3 class=\"w-iconbox-title\" style=\"font-size:1.5rem;\">Radio Scanreco<\/h3><div class=\"w-iconbox-text\"><p>Radio con 2 a\u00f1os de garant\u00eda que ya tiene NR12 y Pole Handler esperando en su plataforma.<\/p>\n<\/div><\/div><\/div><\/div><\/div><div class=\"wpb_column vc_column_container us_custom_e633cb3f\"><div class=\"vc_column-inner\"><div class=\"w-iconbox iconpos_top style_default color_primary align_center\"><div class=\"w-iconbox-icon\" style=\"font-size:4rem;\"><i class=\"far fa-box\"><\/i><\/div><div class=\"w-iconbox-meta\"><h3 class=\"w-iconbox-title\" style=\"font-size:1.5rem;\">Grandes existencias<\/h3><div class=\"w-iconbox-text\"><p>Cada mes salen de nuestra cadena de montaje m\u00e1s de 100 radios para todos los estados de Brasil.<\/p>\n<\/div><\/div><\/div><\/div><\/div><div class=\"wpb_column vc_column_container\"><div class=\"vc_column-inner\"><div class=\"w-iconbox iconpos_top style_default color_primary align_center\"><div class=\"w-iconbox-icon\" style=\"font-size:4rem;\"><i class=\"far fa-shield-check\"><\/i><\/div><div class=\"w-iconbox-meta\"><h3 class=\"w-iconbox-title\" style=\"font-size:1.5rem;\">Conformidad NR12<\/h3><div class=\"w-iconbox-text\"><p>Instalaci\u00f3n y montaje de radiocontrol en cualquier plataforma de gr\u00faa.<\/p>\n<\/div><\/div><\/div><\/div><\/div><\/div><\/div><\/div><\/div><\/div><\/section><section class=\"l-section wpb_row height_auto\" id=\"insuper\u00e1vel\"><div class=\"l-section-h i-cf\"><div class=\"g-cols vc_row via_grid cols_2 laptops-cols_inherit tablets-cols_1 mobiles-cols_1 valign_middle type_default stacking_default\" style=\"--gap:0px;\"><div class=\"wpb_column vc_column_container\"><div class=\"vc_column-inner\"><div class=\"w-separator size_large\"><\/div><div class=\"wpb_text_column us_custom_bc4b2cb4\"><div class=\"wpb_wrapper\"><h2>Insuperable<\/h2>\n<p>\u00bfTrabajar con potenciales el\u00e9ctricos de forma segura y sin perder la se\u00f1al durante el funcionamiento? S\u00cd. \u00a1Hemos alcanzado niveles de comunicaci\u00f3n y seguridad en la operaci\u00f3n de redes de alta tensi\u00f3n! Proyecto y estudios que empezaron en Suecia y terminaron aqu\u00ed en Brasil.<\/p>\n<\/div><\/div><div class=\"w-separator size_large\"><\/div><\/div><\/div><div class=\"wpb_column vc_column_container us_custom_25065b36 has_bg_color stretched\"><div class=\"vc_column-inner\"><\/div><\/div><\/div><\/div><\/section><section class=\"l-section wpb_row height_auto\"><div class=\"l-section-h i-cf\"><div class=\"g-cols vc_row via_grid cols_2 laptops-cols_inherit tablets-cols_1 mobiles-cols_1 valign_middle type_default reversed stacking_default\" style=\"--gap:0px;\"><div class=\"wpb_column vc_column_container us_custom_63f0074c has_bg_color stretched\"><div class=\"vc_column-inner\"><\/div><\/div><div class=\"wpb_column vc_column_container\"><div class=\"vc_column-inner\"><div class=\"w-separator size_large\"><\/div><div class=\"wpb_text_column us_custom_bcb8b604\"><div class=\"wpb_wrapper\"><h2>Pruebas de calidad<\/h2>\n<p><strong>Nuestras radios se someten a rigurosas pruebas de calidad.<\/strong> SCANRECO desarrolla l\u00edneas de productos bajo estrictas pruebas de calidad. Todas las radios se someten a pruebas, incluidas las relacionadas con las interferencias electromagn\u00e9ticas, que es uno de los mayores problemas a los que se enfrentan los usuarios de radiocontrol cuando est\u00e1n cerca de redes el\u00e9ctricas.<\/p>\n<\/div><\/div><div class=\"w-separator size_large\"><\/div><\/div><\/div><\/div><\/div><\/section><section class=\"l-section wpb_row height_auto width_full\" id=\"fotos\"><div class=\"l-section-h i-cf\"><div class=\"g-cols vc_row via_grid cols_2 laptops-cols_inherit tablets-cols_inherit mobiles-cols_1 valign_middle type_default stacking_default\" style=\"--gap:0rem;\"><div class=\"wpb_column vc_column_container us_custom_63e70db5 has_bg_color\"><div class=\"vc_column-inner\"><\/div><\/div><div class=\"wpb_column vc_column_container us_custom_5b3ae68e has_bg_color\"><div class=\"vc_column-inner\"><\/div><\/div><\/div><\/div><\/section><section class=\"l-section wpb_row height_medium\" id=\"acess\u00f3rios\"><div class=\"l-section-h i-cf\"><div class=\"g-cols vc_row via_grid cols_1 laptops-cols_inherit tablets-cols_inherit mobiles-cols_1 valign_top type_default stacking_default\"><div class=\"wpb_column vc_column_container us_custom_89e641af has_text_color has_bg_color\"><div class=\"vc_column-inner\"><div class=\"g-cols wpb_row via_grid cols_1-2 laptops-cols_inherit tablets-cols_1 mobiles-cols_1 valign_middle type_default stacking_default\" style=\"--gap:3rem;\"><div class=\"wpb_column vc_column_container\"><div class=\"vc_column-inner\"><div class=\"wpb_text_column us_custom_330fa8bf\"><div class=\"wpb_wrapper\"><h3>Accesorios<\/h3>\n<ul>\n<li>Pilas originales <strong>Scanreco<\/strong><\/li>\n<li>Cargador de bater\u00eda <strong>Scanreco<\/strong><\/li>\n<li>Antena de radio<strong> Scanreco<\/strong><\/li>\n<\/ul>\n<\/div><\/div><\/div><\/div><div class=\"wpb_column vc_column_container\"><div class=\"vc_column-inner\"><div class=\"w-hwrapper valign_middle align_justify\" style=\"--hwrapper-gap:1rem\"><div class=\"w-image us_custom_dc1fab60 has_ratio align_center\"><div class=\"w-image-h\"><div style=\"padding-bottom:150%\"><\/div><img decoding=\"async\" width=\"400\" height=\"700\" src=\"https:\/\/ecequipamentos.com.br\/wp-content\/uploads\/acessorios-1.jpg\" class=\"attachment-full size-full\" alt=\"Bateria Original Scanreco\" loading=\"lazy\" srcset=\"https:\/\/ecequipamentos.com.br\/wp-content\/uploads\/acessorios-1.jpg 400w, https:\/\/ecequipamentos.com.br\/wp-content\/uploads\/acessorios-1-171x300.jpg 171w\" sizes=\"auto, (max-width: 400px) 100vw, 400px\" \/><\/div><\/div><div class=\"w-image us_custom_dc1fab60 has_ratio align_center\"><div class=\"w-image-h\"><div style=\"padding-bottom:150%\"><\/div><img decoding=\"async\" width=\"400\" height=\"700\" src=\"https:\/\/ecequipamentos.com.br\/wp-content\/uploads\/acessorios-03.jpg\" class=\"attachment-full size-full\" alt=\"Carregador Original Scanreco\" loading=\"lazy\" srcset=\"https:\/\/ecequipamentos.com.br\/wp-content\/uploads\/acessorios-03.jpg 400w, https:\/\/ecequipamentos.com.br\/wp-content\/uploads\/acessorios-03-171x300.jpg 171w\" sizes=\"auto, (max-width: 400px) 100vw, 400px\" \/><\/div><\/div><div class=\"w-image us_custom_dc1fab60 has_ratio align_center\"><div class=\"w-image-h\"><div style=\"padding-bottom:150%\"><\/div><img decoding=\"async\" width=\"400\" height=\"700\" src=\"https:\/\/ecequipamentos.com.br\/wp-content\/uploads\/acessorios-02.jpg\" class=\"attachment-full size-full\" alt=\"Antena Original Scanreco\" loading=\"lazy\" srcset=\"https:\/\/ecequipamentos.com.br\/wp-content\/uploads\/acessorios-02.jpg 400w, https:\/\/ecequipamentos.com.br\/wp-content\/uploads\/acessorios-02-171x300.jpg 171w\" sizes=\"auto, (max-width: 400px) 100vw, 400px\" \/><\/div><\/div><\/div><\/div><\/div><\/div><\/div><\/div><\/div><\/div><\/section><section class=\"l-section wpb_row us_custom_f78888c0 height_medium\"><div class=\"l-section-h i-cf\"><div class=\"g-cols vc_row via_grid cols_1 laptops-cols_inherit tablets-cols_inherit mobiles-cols_1 valign_top type_default stacking_default\"><div class=\"wpb_column vc_column_container\"><div class=\"vc_column-inner\"><div class=\"g-cols wpb_row via_grid cols_1 laptops-cols_inherit tablets-cols_inherit mobiles-cols_1 valign_middle type_default stacking_default\" style=\"--gap:0rem;\"><div class=\"wpb_column vc_column_container us_custom_92bc2a58 has_bg_color\"><div class=\"vc_column-inner\"><h3 class=\"w-text us_custom_d44d8758 has_text_color\"><span class=\"w-text-h\"><span class=\"w-text-value\">Adecuaci\u00f3n del radiocontrol<\/span><\/span><\/h3><\/div><\/div><div class=\"wpb_column vc_column_container us_custom_ea196c9c has_bg_color\"><div class=\"vc_column-inner\"><div class=\"w-image align_center\"><a ref=\"magnificPopup\" href=\"https:\/\/ecequipamentos.com.br\/wp-content\/uploads\/adequacao04.jpg\" aria-label=\"Adecuaci\u00f3n del radiocontrol\" class=\"w-image-h\"><img decoding=\"async\" width=\"800\" height=\"700\" src=\"https:\/\/ecequipamentos.com.br\/wp-content\/uploads\/adequacao04.jpg\" class=\"attachment-full size-full\" alt=\"Adequa\u00e7\u00e3o R\u00e1dio Controle\" loading=\"lazy\" srcset=\"https:\/\/ecequipamentos.com.br\/wp-content\/uploads\/adequacao04.jpg 800w, https:\/\/ecequipamentos.com.br\/wp-content\/uploads\/adequacao04-300x263.jpg 300w\" sizes=\"auto, (max-width: 800px) 100vw, 800px\" \/><\/a><\/div><\/div><\/div><\/div><div class=\"w-separator size_medium\"><\/div><div class=\"g-cols wpb_row via_grid cols_1 laptops-cols_inherit tablets-cols_inherit mobiles-cols_1 valign_middle type_default stacking_default\" style=\"--gap:0rem;\"><div class=\"wpb_column vc_column_container us_custom_92bc2a58 has_bg_color\"><div class=\"vc_column-inner\"><h3 class=\"w-text us_custom_d44d8758 has_text_color\"><span class=\"w-text-h\"><span class=\"w-text-value\">Idoneidad para Radio Control + cesta NR12<\/span><\/span><\/h3><\/div><\/div><\/div><div class=\"w-hwrapper us_custom_bcef672c valign_middle align_center\" style=\"--hwrapper-gap:1rem\"><div class=\"w-image align_center\"><a ref=\"magnificPopup\" href=\"https:\/\/ecequipamentos.com.br\/wp-content\/uploads\/adequacao04.jpg\" aria-label=\"Adecuaci\u00f3n del radiocontrol\" class=\"w-image-h\"><img decoding=\"async\" width=\"800\" height=\"700\" src=\"https:\/\/ecequipamentos.com.br\/wp-content\/uploads\/adequacao04.jpg\" class=\"attachment-full size-full\" alt=\"Adequa\u00e7\u00e3o R\u00e1dio Controle\" loading=\"lazy\" srcset=\"https:\/\/ecequipamentos.com.br\/wp-content\/uploads\/adequacao04.jpg 800w, https:\/\/ecequipamentos.com.br\/wp-content\/uploads\/adequacao04-300x263.jpg 300w\" sizes=\"auto, (max-width: 800px) 100vw, 800px\" \/><\/a><\/div><h3 class=\"w-text us_custom_990ac550 has_text_color\"><span class=\"w-text-h\"><span class=\"w-text-value\">+<\/span><\/span><\/h3><div class=\"w-image align_center\"><a ref=\"magnificPopup\" href=\"https:\/\/ecequipamentos.com.br\/wp-content\/uploads\/adequacao02.jpg\" aria-label=\"Adecuaci\u00f3n del radiocontrol\" class=\"w-image-h\"><img decoding=\"async\" width=\"795\" height=\"502\" src=\"https:\/\/ecequipamentos.com.br\/wp-content\/uploads\/adequacao02.jpg\" class=\"attachment-full size-full\" alt=\"Adequa\u00e7\u00e3o R\u00e1dio Controle\" loading=\"lazy\" srcset=\"https:\/\/ecequipamentos.com.br\/wp-content\/uploads\/adequacao02.jpg 795w, https:\/\/ecequipamentos.com.br\/wp-content\/uploads\/adequacao02-300x189.jpg 300w\" sizes=\"auto, (max-width: 795px) 100vw, 795px\" \/><\/a><\/div><h3 class=\"w-text us_custom_990ac550 has_text_color\"><span class=\"w-text-h\"><span class=\"w-text-value\">+<\/span><\/span><\/h3><div class=\"w-image align_center\"><a ref=\"magnificPopup\" href=\"https:\/\/ecequipamentos.com.br\/wp-content\/uploads\/adequacao03.jpg\" aria-label=\"Cesta NR12\" class=\"w-image-h\"><img decoding=\"async\" width=\"724\" height=\"678\" src=\"https:\/\/ecequipamentos.com.br\/wp-content\/uploads\/adequacao03.jpg\" class=\"attachment-full size-full\" alt=\"Cesto NR12\" loading=\"lazy\" srcset=\"https:\/\/ecequipamentos.com.br\/wp-content\/uploads\/adequacao03.jpg 724w, https:\/\/ecequipamentos.com.br\/wp-content\/uploads\/adequacao03-300x281.jpg 300w\" sizes=\"auto, (max-width: 724px) 100vw, 724px\" \/><\/a><\/div><\/div><\/div><\/div><\/div><\/div><\/section>","protected":false},"excerpt":{"rendered":"","protected":false},"author":1,"featured_media":58,"parent":0,"menu_order":4,"comment_status":"closed","ping_status":"closed","template":"","meta":{"footnotes":""},"class_list":["post-63","page","type-page","status-publish","has-post-thumbnail","hentry"],"_links":{"self":[{"href":"https:\/\/ecequipamentos.com.br\/es\/wp-json\/wp\/v2\/pages\/63","targetHints":{"allow":["GET"]}}],"collection":[{"href":"https:\/\/ecequipamentos.com.br\/es\/wp-json\/wp\/v2\/pages"}],"about":[{"href":"https:\/\/ecequipamentos.com.br\/es\/wp-json\/wp\/v2\/types\/page"}],"author":[{"embeddable":true,"href":"https:\/\/ecequipamentos.com.br\/es\/wp-json\/wp\/v2\/users\/1"}],"replies":[{"embeddable":true,"href":"https:\/\/ecequipamentos.com.br\/es\/wp-json\/wp\/v2\/comments?post=63"}],"version-history":[{"count":107,"href":"https:\/\/ecequipamentos.com.br\/es\/wp-json\/wp\/v2\/pages\/63\/revisions"}],"predecessor-version":[{"id":1524,"href":"https:\/\/ecequipamentos.com.br\/es\/wp-json\/wp\/v2\/pages\/63\/revisions\/1524"}],"wp:featuredmedia":[{"embeddable":true,"href":"https:\/\/ecequipamentos.com.br\/es\/wp-json\/wp\/v2\/media\/58"}],"wp:attachment":[{"href":"https:\/\/ecequipamentos.com.br\/es\/wp-json\/wp\/v2\/media?parent=63"}],"curies":[{"name":"wp","href":"https:\/\/api.w.org\/{rel}","templated":true}]}}