{"id":76,"date":"2023-10-25T04:56:59","date_gmt":"2023-10-25T07:56:59","guid":{"rendered":"https:\/\/wcria.cloud\/sites\/ecequipamentos\/?page_id=76"},"modified":"2025-05-05T16:17:15","modified_gmt":"2025-05-05T19:17:15","slug":"trabalhe-conosco","status":"publish","type":"page","link":"https:\/\/ecequipamentos.com.br\/es\/trabalhe-conosco\/","title":{"rendered":"Trabaja con nosotros"},"content":{"rendered":"<section class=\"l-section wpb_row height_medium color_secondary with_img parallax_ver\" id=\"slide\"><div class=\"l-section-img\" role=\"img\" data-img-width=\"1200\" data-img-height=\"500\" style=\"background-image: url(https:\/\/ecequipamentos.com.br\/wp-content\/uploads\/slide-trabalhe.jpg);background-repeat: no-repeat;\"><\/div><div class=\"l-section-overlay\" style=\"background:linear-gradient(90deg,#000,rgba(0,0,0,0.00))\"><\/div><div class=\"l-section-h i-cf\"><div class=\"g-cols vc_row via_grid cols_1 laptops-cols_inherit tablets-cols_1 mobiles-cols_1 valign_top type_default reversed stacking_default\" style=\"--gap:0rem;\"><div class=\"wpb_column vc_column_container\"><div class=\"vc_column-inner\"><h1 class=\"w-text us_custom_33f09d7d\"><span class=\"w-text-h\"><span class=\"w-text-value\">Trabaja con nosotros<\/span><\/span><\/h1><div class=\"wpb_text_column us_custom_2f6145a1\"><div class=\"wpb_wrapper\"><p>Ven y \u00fanete a nuestro equipo.<\/p>\n<\/div><\/div><div class=\"w-btn-wrapper align_none\"><a class=\"w-btn us-btn-style_1 us_custom_0207f80c\" href=\"#mais\"><span class=\"w-btn-label\">Seguir leyendo<\/span><\/a><\/div><\/div><\/div><\/div><\/div><\/section><section class=\"l-section wpb_row height_medium\" id=\"mais\"><div class=\"l-section-h i-cf\"><div class=\"g-cols vc_row via_grid cols_2 laptops-cols_inherit tablets-cols_inherit mobiles-cols_1 valign_top type_default stacking_default\"><div class=\"wpb_column vc_column_container\"><div class=\"vc_column-inner\"><div class=\"wpb_text_column us_custom_3e11d8f8\"><div class=\"wpb_wrapper\"><h2>Contratamos<\/h2>\n<p class=\"font_8 wixui-rich-text__text\"><span>Estamos en constante crecimiento, por lo que siempre tenemos nuevas oportunidades. Nuestro departamento de RRHH est\u00e1 esperando tu CV.<\/span><\/p>\n<p>Ven a trabajar con nosotros<\/p>\n<\/div><\/div><div class=\"w-separator size_medium\"><\/div><div class=\"w-iconbox iconpos_left style_default color_primary align_left\"><a href=\"mailto:rh@ecequipamentos.com\" class=\"w-iconbox-link\" aria-label=\"Correo electr\u00f3nico\"><div class=\"w-iconbox-icon\" style=\"font-size:2rem;\"><i class=\"far fa-envelope\"><\/i><\/div><\/a><div class=\"w-iconbox-meta\"><a href=\"mailto:rh@ecequipamentos.com\" class=\"w-iconbox-link\" aria-label=\"Correo electr\u00f3nico\"><h4 class=\"w-iconbox-title\">Correo electr\u00f3nico<\/h4><\/a><div class=\"w-iconbox-text\"><p><span><a style=\"color: #0f131f;\" href=\"mailto:rh@ecequipamentos.com\">rh@ecequipamentos.com<\/a><\/span><\/p>\n<\/div><\/div><\/div><\/div><\/div><div class=\"wpb_column vc_column_container us_custom_f9841b72 has_bg_color\"><div class=\"vc_column-inner\"><div class=\"wpb_text_column us_custom_fb480abf\"><div class=\"wpb_wrapper\"><h3>Formulario<\/h3>\n<\/div><\/div><div class=\"wpb_text_column us_custom_0ccc6871\"><div class=\"wpb_wrapper\"><p>*Campos obligatorios.<\/p>\n<\/div><\/div><div class=\"w-separator size_custom\" style=\"height:15px\"><\/div><form class=\"w-form  us_custom_a5ef9130 layout_ver for_cform us_form_1\" autocomplete=\"off\" action=\"https:\/\/ecequipamentos.com.br\/es\/es\/wp-json\/wp\/v2\/pages\/76\" method=\"post\" enctype=\"multipart\/form-data\" data-trp-original-action=\"https:\/\/ecequipamentos.com.br\/es\/es\/wp-json\/wp\/v2\/pages\/76\"><div class=\"w-form-h\"><div class=\"w-form-row for_text required with_icon\">\r\n\t\t<div class=\"w-form-row-field\">\r\n\t\t\t\t<i class=\"fas fa-user\"><\/i>\t\t<input aria-label=\"Nombre y apellidos\" type=\"text\" name=\"us_form_1_text_1\" value placeholder=\"Nombre completo *\" data-required=\"true\" aria-required=\"true\"\/>\r\n\t\t\t<\/div>\r\n\t\t<div class=\"w-form-row-state\">Rellena este campo<\/div>\r\n<\/div>\r\n<div class=\"w-form-row for_email required with_icon\">\r\n\t\t<div class=\"w-form-row-field\">\r\n\t\t\t\t<i class=\"fas fa-envelope\"><\/i>\t\t<input aria-label=\"Correo electr\u00f3nico\" type=\"email\" name=\"us_form_1_email_1\" value placeholder=\"Correo electr\u00f3nico *\" data-required=\"true\" aria-required=\"true\"\/>\r\n\t\t\t<\/div>\r\n\t\t<div class=\"w-form-row-state\">Introduzca una direcci\u00f3n de correo electr\u00f3nico v\u00e1lida.<\/div>\r\n<\/div>\r\n<div class=\"w-form-row for_text required with_icon cols_2\">\r\n\t\t<div class=\"w-form-row-field\">\r\n\t\t\t\t<i class=\"fas fa-phone\"><\/i>\t\t<input aria-label=\"Tel\u00e9fono con (prefijo)\" inputmode=\"tel\" type=\"text\" name=\"us_form_1_text_2\" value placeholder=\"Tel\u00e9fono con (prefijo) *\" data-required=\"true\" aria-required=\"true\"\/>\r\n\t\t\t<\/div>\r\n\t\t<div class=\"w-form-row-state\">Rellena este campo<\/div>\r\n<\/div>\r\n<div class=\"w-form-row for_text required with_icon cols_2\">\r\n\t\t<div class=\"w-form-row-field\">\r\n\t\t\t\t<i class=\"fas fa-map-marker-alt\"><\/i>\t\t<input aria-label=\"Ciudad\/Estado\" type=\"text\" name=\"us_form_1_text_3\" value placeholder=\"Ciudad\/Estado *\" data-required=\"true\" aria-required=\"true\"\/>\r\n\t\t\t<\/div>\r\n\t\t<div class=\"w-form-row-state\">Rellena este campo<\/div>\r\n<\/div>\r\n<div class=\"w-form-row for_select with_icon\">\r\n\t\t<div class=\"w-form-row-field\">\r\n\t\t\t\t<i class=\"fas fa-briefcase\"><\/i>\t\t<select aria-label=\"us_form_1_select_1\" name=\"us_form_1_select_1\">\r\n\t\t\t<option value=\"Vaga de interesse...\">Vacante de inter\u00e9s...<\/option><option value=\"Servi\u00e7os Gerais\">Servicios generales<\/option><option value=\"Setor de Corte \u00e0 Laser\">Sector del corte por l\u00e1ser<\/option><option value=\"Setor de Dobra\">Sector Plegable<\/option><option value=\"Setor de Solda\">Sector de la soldadura<\/option><option value=\"Setor de Pintura\">Sector de la pintura<\/option><option value=\"Setor de Montagem\">Sector de montaje<\/option><option value=\"Setor de Jateamento\">Sector del chorro de arena<\/option><option value=\"Programa\u00e7\u00e3o\">Programa<\/option><option value=\"Engenharia\">Ingenier\u00eda<\/option><option value=\"Suprimentos\">Suministros<\/option><option value=\"Administrativo\">Administrativo<\/option><option value=\"Aprendiz\">Aprendiz<\/option>\t\t<\/select>\r\n\t\t\t<\/div>\r\n\t\t<div class=\"w-form-row-state\">Seleccione una opci\u00f3n<\/div>\r\n<\/div>\r\n<div class=\"w-form-row for_date required with_icon cols_2\">\r\n\t\t<div class=\"w-form-row-field\">\r\n\t\t\t\t<i class=\"fas fa-calendar-alt\"><\/i>\t\t<input type=\"text\" name=\"us_form_1_date_1\" value inputmode=\"none\" data-date-format=\"dd\/mm\/y\" aria-label=\"Fecha disponible para la entrevista\" placeholder=\"Fecha disponible para la entrevista *\" data-required=\"true\" aria-required=\"true\"\/>\r\n\t\t\t<\/div>\r\n\t\t<div class=\"w-form-row-state\">Rellena este campo<\/div>\r\n<\/div>\r\n<div class=\"w-form-row for_text with_icon cols_2\">\r\n\t\t<div class=\"w-form-row-field\">\r\n\t\t\t\t<i class=\"fab fa-linkedin\"><\/i>\t\t<input aria-label=\"Enlace al CV en LinkedIn\" type=\"text\" name=\"us_form_1_text_4\" value placeholder=\"Enlace al CV en LinkedIn\"\/>\r\n\t\t\t<\/div>\r\n\t\t<div class=\"w-form-row-state\">Rellena este campo<\/div>\r\n<\/div>\r\n<div class=\"w-form-row for_file has_label required\">\r\n\t\t\t<div class=\"w-form-row-label\">\r\n\t\t\t<span>Adjunta tu CV: *<\/span>\r\n\t\t<\/div>\r\n\t\t<div class=\"w-form-row-field\">\r\n\t\t\t\t\t\t<input aria-label=\"Adjunte su CV:\" type=\"file\" name=\"us_form_1_file_1\" accept=\".pdf,.jpg,.jpeg,.docx,.doc\" data-std=\"10MB\" data-max_size=\"10\" data-required=\"true\" aria-required=\"true\"\/>\r\n\t\t\t<\/div>\r\n\t\t\t<div class=\"w-form-row-description\">\r\n\t\t\t*Ficheros aceptados: PDF, DOC, DOCx, JPG y JPEG.<br \/>Tama\u00f1o m\u00e1ximo: 10mb.\t\t<\/div>\r\n\t\t<div class=\"w-form-row-state\">Rellena este campo<\/div>\r\n<\/div>\r\n<input type=\"hidden\" name=\"action\" value=\"us_ajax_cform\" \/>\r\n<input type=\"hidden\" name=\"post_id\" value=\"0\" \/>\r\n<input type=\"hidden\" name=\"form_index\" value=\"1\" \/>\r\n<div class=\"w-form-row for_submit align_justify\">\r\n\t<button class=\"w-btn icon_atright us-btn-style_1\" aria-label=\"REGISTRE SU CV\" type=\"submit\">\r\n\t\t<span class=\"g-preloader type_1\"><\/span>\r\n\t\t\t\t<span class=\"w-btn-label\">REGISTRE SU CV<\/span>\r\n\t\t<i class=\"fas fa-arrow-right\"><\/i>\t<\/button>\r\n\t<\/div>\r\n<\/div><div class=\"w-form-message\"><\/div><div class=\"w-form-json hidden\" onclick='return {&quot;ajaxurl&quot;:&quot;https:\\\/\\\/ecequipamentos.com.br\\\/wp-admin\\\/admin-ajax.php&quot;,&quot;messages&quot;:{&quot;err_empty&quot;:&quot;Rellena este campo&quot;,&quot;err_size&quot;:&quot;El tama\\u00f1o del archivo no puede exceder %s MB&quot;,&quot;err_extension&quot;:&quot;El tipo de archivo %s no est\\u00e1 permitido&quot;}}'><\/div><input type=\"hidden\" name=\"trp-form-language\" value=\"es\"\/><\/form><\/div><\/div><\/div><\/div><\/section>","protected":false},"excerpt":{"rendered":"","protected":false},"author":1,"featured_media":58,"parent":0,"menu_order":11,"comment_status":"closed","ping_status":"closed","template":"","meta":{"footnotes":""},"class_list":["post-76","page","type-page","status-publish","has-post-thumbnail","hentry"],"_links":{"self":[{"href":"https:\/\/ecequipamentos.com.br\/es\/wp-json\/wp\/v2\/pages\/76","targetHints":{"allow":["GET"]}}],"collection":[{"href":"https:\/\/ecequipamentos.com.br\/es\/wp-json\/wp\/v2\/pages"}],"about":[{"href":"https:\/\/ecequipamentos.com.br\/es\/wp-json\/wp\/v2\/types\/page"}],"author":[{"embeddable":true,"href":"https:\/\/ecequipamentos.com.br\/es\/wp-json\/wp\/v2\/users\/1"}],"replies":[{"embeddable":true,"href":"https:\/\/ecequipamentos.com.br\/es\/wp-json\/wp\/v2\/comments?post=76"}],"version-history":[{"count":28,"href":"https:\/\/ecequipamentos.com.br\/es\/wp-json\/wp\/v2\/pages\/76\/revisions"}],"predecessor-version":[{"id":1384,"href":"https:\/\/ecequipamentos.com.br\/es\/wp-json\/wp\/v2\/pages\/76\/revisions\/1384"}],"wp:featuredmedia":[{"embeddable":true,"href":"https:\/\/ecequipamentos.com.br\/es\/wp-json\/wp\/v2\/media\/58"}],"wp:attachment":[{"href":"https:\/\/ecequipamentos.com.br\/es\/wp-json\/wp\/v2\/media?parent=76"}],"curies":[{"name":"wp","href":"https:\/\/api.w.org\/{rel}","templated":true}]}}