{"id":78,"date":"2023-10-25T04:57:24","date_gmt":"2023-10-25T07:57:24","guid":{"rendered":"https:\/\/wcria.cloud\/sites\/ecequipamentos\/?page_id=78"},"modified":"2026-01-16T09:22:30","modified_gmt":"2026-01-16T12:22:30","slug":"contato","status":"publish","type":"page","link":"https:\/\/ecequipamentos.com.br\/es\/contato\/","title":{"rendered":"P\u00f3ngase en contacto con"},"content":{"rendered":"<section class=\"l-section wpb_row height_medium color_secondary with_img\" id=\"slide\"><div class=\"l-section-img\" role=\"img\" data-img-width=\"1200\" data-img-height=\"500\" style=\"background-image: url(https:\/\/ecequipamentos.com.br\/wp-content\/uploads\/slide-contato.jpg);background-position: top center;background-repeat: no-repeat;\"><\/div><div class=\"l-section-overlay\" style=\"background:linear-gradient(90deg,#000,rgba(0,0,0,0.00))\"><\/div><div class=\"l-section-h i-cf\"><div class=\"g-cols vc_row via_grid cols_1 laptops-cols_inherit tablets-cols_1 mobiles-cols_1 valign_top type_default reversed stacking_default\" style=\"--gap:0rem;\"><div class=\"wpb_column vc_column_container\"><div class=\"vc_column-inner\"><h1 class=\"w-text us_custom_33f09d7d\"><span class=\"w-text-h\"><span class=\"w-text-value\">P\u00f3ngase en contacto con<\/span><\/span><\/h1><div class=\"wpb_text_column us_custom_2f6145a1\"><div class=\"wpb_wrapper\"><p>Canales de contacto y servicio <strong>Equipos CE<\/strong>.<\/p>\n<\/div><\/div><div class=\"w-btn-wrapper align_none\"><a class=\"w-btn us-btn-style_1 us_custom_0207f80c\" href=\"#mais\"><span class=\"w-btn-label\">Seguir leyendo<\/span><\/a><\/div><\/div><\/div><\/div><\/div><\/section><section class=\"l-section wpb_row height_medium\" id=\"mais\"><div class=\"l-section-h i-cf\"><div class=\"g-cols vc_row via_grid cols_2 laptops-cols_inherit tablets-cols_inherit mobiles-cols_1 valign_top type_default stacking_default\"><div class=\"wpb_column vc_column_container\"><div class=\"vc_column-inner\"><div class=\"wpb_text_column us_custom_3e11d8f8\"><div class=\"wpb_wrapper\"><h2>P\u00f3ngase en contacto con nosotros<\/h2>\n<p class=\"font_8 wixui-rich-text__text\"><span>Atendemos todos los estados brasile\u00f1os y todos los pa\u00edses de Am\u00e9rica Latina.\u00a0<\/span><span>Nuestro compromiso es servir a todos nuestros clientes con agilidad y compromiso.<\/span><\/p>\n<\/div><\/div><div class=\"w-separator size_medium\"><\/div><div class=\"w-iconbox us_custom_3e11d8f8 iconpos_left style_default color_primary align_left\"><a href=\"tel:5432923252\" class=\"w-iconbox-link\" aria-label=\"Tel\u00e9fono\"><div class=\"w-iconbox-icon\" style=\"font-size:2rem;\"><i class=\"far fa-phone\"><\/i><\/div><\/a><div class=\"w-iconbox-meta\"><a href=\"tel:5432923252\" class=\"w-iconbox-link\" aria-label=\"Tel\u00e9fono\"><h4 class=\"w-iconbox-title\">Tel\u00e9fono<\/h4><\/a><div class=\"w-iconbox-text\"><p><span><a style=\"color: #0f131f;\" href=\"tel:5432923252\"><small>(54)<\/small>\u00a0<big>3292-3252<\/big><\/a><\/span><\/p>\n<\/div><\/div><\/div><div class=\"w-separator size_medium\"><\/div><div class=\"w-iconbox us_custom_3e11d8f8 iconpos_left style_default color_primary align_left\"><a href=\"mailto:contato@ecequipamentos.com\" class=\"w-iconbox-link\" aria-label=\"Correo electr\u00f3nico\"><div class=\"w-iconbox-icon\" style=\"font-size:2rem;\"><i class=\"far fa-envelope\"><\/i><\/div><\/a><div class=\"w-iconbox-meta\"><a href=\"mailto:contato@ecequipamentos.com\" class=\"w-iconbox-link\" aria-label=\"Correo electr\u00f3nico\"><h4 class=\"w-iconbox-title\">Correo electr\u00f3nico<\/h4><\/a><div class=\"w-iconbox-text\"><p><span><a style=\"color: #0f131f;\" href=\"mailto:contato@ecequipamentos.com\">contato@ecequipamentos.com<\/a><\/span><\/p>\n<\/div><\/div><\/div><div class=\"w-separator size_medium\"><\/div><div class=\"w-iconbox us_custom_3e11d8f8 iconpos_left style_default color_primary align_left\"><div class=\"w-iconbox-icon\" style=\"font-size:2rem;\"><i class=\"far fa-clock\"><\/i><\/div><div class=\"w-iconbox-meta\"><h4 class=\"w-iconbox-title\">Servicio<\/h4><div class=\"w-iconbox-text\"><p class=\"font_8 wixui-rich-text__text\"><span><strong>De lunes a mi\u00e9rcoles: <\/strong>07:30 a 12:00 - 13:00 a 17:30<br \/>\n<\/span><span><strong>VIERNES: <\/strong>07:30 a 12:00 - 13:00 a 16:30<\/span><\/p>\n<\/div><\/div><\/div><\/div><\/div><div class=\"wpb_column vc_column_container us_custom_f9841b72 has_bg_color\"><div class=\"vc_column-inner\"><div class=\"wpb_text_column us_custom_fb480abf\"><div class=\"wpb_wrapper\"><h3>Formulario<\/h3>\n<\/div><\/div><div class=\"wpb_text_column us_custom_0ccc6871\"><div class=\"wpb_wrapper\"><p>*Campos obligatorios.<\/p>\n<\/div><\/div><div class=\"w-separator size_custom\" style=\"height:15px\"><\/div><form class=\"w-form  us_custom_a5ef9130 layout_ver for_cform us_form_1\" autocomplete=\"off\" action=\"https:\/\/ecequipamentos.com.br\/es\/es\/wp-json\/wp\/v2\/pages\/78\" method=\"post\" data-trp-original-action=\"https:\/\/ecequipamentos.com.br\/es\/es\/wp-json\/wp\/v2\/pages\/78\"><div class=\"w-form-h\"><div class=\"w-form-row for_text required with_icon\">\r\n\t\t<div class=\"w-form-row-field\">\r\n\t\t\t\t<i class=\"fas fa-user\"><\/i>\t\t<input aria-label=\"Nombre\" type=\"text\" name=\"us_form_1_text_1\" value placeholder=\"Nombre *\" data-required=\"true\" aria-required=\"true\"\/>\r\n\t\t\t<\/div>\r\n\t\t<div class=\"w-form-row-state\">Rellena este campo<\/div>\r\n<\/div>\r\n<div class=\"w-form-row for_email required with_icon\">\r\n\t\t<div class=\"w-form-row-field\">\r\n\t\t\t\t<i class=\"fas fa-envelope\"><\/i>\t\t<input aria-label=\"Correo electr\u00f3nico\" type=\"email\" name=\"us_form_1_email_1\" value placeholder=\"Correo electr\u00f3nico *\" data-required=\"true\" aria-required=\"true\"\/>\r\n\t\t\t<\/div>\r\n\t\t<div class=\"w-form-row-state\">Introduzca una direcci\u00f3n de correo electr\u00f3nico v\u00e1lida.<\/div>\r\n<\/div>\r\n<div class=\"w-form-row for_text required with_icon cols_2\">\r\n\t\t<div class=\"w-form-row-field\">\r\n\t\t\t\t<i class=\"fas fa-phone\"><\/i>\t\t<input aria-label=\"Tel\u00e9fono con (prefijo)\" inputmode=\"tel\" type=\"text\" name=\"us_form_1_text_2\" value placeholder=\"Tel\u00e9fono con (prefijo) *\" data-required=\"true\" aria-required=\"true\"\/>\r\n\t\t\t<\/div>\r\n\t\t<div class=\"w-form-row-state\">Rellena este campo<\/div>\r\n<\/div>\r\n<div class=\"w-form-row for_text required with_icon cols_2\">\r\n\t\t<div class=\"w-form-row-field\">\r\n\t\t\t\t<i class=\"fas fa-map-marker-alt\"><\/i>\t\t<input aria-label=\"Ciudad\/Estado\" type=\"text\" name=\"us_form_1_text_3\" value placeholder=\"Ciudad\/Estado *\" data-required=\"true\" aria-required=\"true\"\/>\r\n\t\t\t<\/div>\r\n\t\t<div class=\"w-form-row-state\">Rellena este campo<\/div>\r\n<\/div>\r\n<div class=\"w-form-row for_select with_icon\">\r\n\t\t<div class=\"w-form-row-field\">\r\n\t\t\t\t<i class=\"fas fa-briefcase\"><\/i>\t\t<select aria-label=\"us_form_1_select_1\" name=\"us_form_1_select_1\">\r\n\t\t\t<option value=\"Selecione o assunto...\">Seleccione el tema...<\/option><option value=\"Atendimento\">Servicio<\/option><option value=\"Comercial\">Comercial<\/option><option value=\"Suprimentos\">Suministros<\/option><option value=\"Financeiro\">Finanzas<\/option>\t\t<\/select>\r\n\t\t\t<\/div>\r\n\t\t<div class=\"w-form-row-state\">Seleccione una opci\u00f3n<\/div>\r\n<\/div>\r\n<div class=\"w-form-row for_textarea required with_icon\">\r\n\t\t<div class=\"w-form-row-field\">\r\n\t\t\t\t<i class=\"fas fa-comment-alt\"><\/i>\t\t<textarea aria-label=\"Escribe tu mensaje...\" name=\"us_form_1_textarea_1\" placeholder=\"Escribe tu mensaje... *\" data-required=\"true\" aria-required=\"true\"><\/textarea>\r\n\t\t\t<\/div>\r\n\t\t<div class=\"w-form-row-state\">Rellena este campo<\/div>\r\n<\/div>\r\n<input type=\"hidden\" name=\"action\" value=\"us_ajax_cform\" \/>\r\n<input type=\"hidden\" name=\"post_id\" value=\"0\" \/>\r\n<input type=\"hidden\" name=\"form_index\" value=\"1\" \/>\r\n<div class=\"w-form-row for_submit align_justify\">\r\n\t<button class=\"w-btn icon_atright us-btn-style_1\" aria-label=\"Enviar un mensaje\" type=\"submit\">\r\n\t\t<span class=\"g-preloader type_1\"><\/span>\r\n\t\t\t\t<span class=\"w-btn-label\">Enviar un mensaje<\/span>\r\n\t\t<i class=\"fas fa-arrow-right\"><\/i>\t<\/button>\r\n\t<\/div>\r\n<\/div><div class=\"w-form-message\"><\/div><div class=\"w-form-json hidden\" onclick='return {&quot;ajaxurl&quot;:&quot;https:\\\/\\\/ecequipamentos.com.br\\\/wp-admin\\\/admin-ajax.php&quot;,&quot;messages&quot;:{&quot;err_empty&quot;:&quot;Rellena este campo&quot;,&quot;err_size&quot;:&quot;El tama\\u00f1o del archivo no puede exceder %s MB&quot;,&quot;err_extension&quot;:&quot;El tipo de archivo %s no est\\u00e1 permitido&quot;}}'><\/div><input type=\"hidden\" name=\"trp-form-language\" value=\"es\"\/><\/form><\/div><\/div><\/div><\/div><\/section><section class=\"l-section wpb_row us_custom_f78888c0 height_auto width_full\"><div class=\"l-section-h i-cf\"><div class=\"g-cols vc_row via_grid cols_1 laptops-cols_inherit tablets-cols_inherit mobiles-cols_1 valign_top type_default stacking_default\"><div class=\"wpb_column vc_column_container\"><div class=\"vc_column-inner\"><div class=\"w-separator size_medium\"><\/div><h2 class=\"w-text us_custom_eb849559\"><span class=\"w-text-h\"><span class=\"w-text-value\">Ubicaci\u00f3n<\/span><\/span><\/h2><div class=\"w-iconbox us_custom_3e11d8f8 iconpos_top style_default color_primary align_center\"><div class=\"w-iconbox-icon\" style=\"font-size:2rem;\"><i class=\"far fa-map-marker-alt\"><\/i><\/div><div class=\"w-iconbox-meta\"><h4 class=\"w-iconbox-title\">Direcci\u00f3n<\/h4><div class=\"w-iconbox-text\"><p><span>Autopista VRS 814, 383 - Travess\u00e3o Lagoa Bella<br \/>\n<\/span><span>Flores da Cunha -\u00a0<\/span><span>Rio Grande do Sul<br \/>\n<\/span><span>C\u00d3DIGO POSTAL: 95270-000<\/span><\/p>\n<\/div><\/div><\/div><div class=\"w-separator size_small\"><\/div><\/div><\/div><\/div><\/div><\/section><section class=\"l-section wpb_row height_auto width_full\"><div class=\"l-section-h i-cf\"><div class=\"g-cols vc_row via_grid cols_1 laptops-cols_inherit tablets-cols_inherit mobiles-cols_1 valign_top type_default stacking_default\"><div class=\"wpb_column vc_column_container\"><div class=\"vc_column-inner\"><div class=\"w-map provider_osm\" id=\"us_map_1\"><div class=\"w-map-inner\"><div class=\"w-map-json\" onclick='return {&quot;address&quot;:&quot;VRS-814, 383 - Flores da Cunha, RS&quot;,&quot;disableDragging&quot;:1,&quot;disableZoom&quot;:1,&quot;hideControls&quot;:1,&quot;zoom&quot;:13,&quot;markers&quot;:[{&quot;address&quot;:&quot;VRS-814, 383 - Flores da Cunha, RS&quot;,&quot;html&quot;:&quot;&lt;h4&gt;EC Equipamentos&lt;\\\/h4&gt;&lt;p&gt;Flores da Cunha \\u2013 RS&lt;\\\/p&gt;&quot;,&quot;infowindow&quot;:&quot;1&quot;}],&quot;style&quot;:&quot;https:\\\/\\\/{s}.tile.openstreetmap.org\\\/{z}\\\/{x}\\\/{y}.png&quot;}'><\/div><\/div><\/div><\/div><\/div><\/div><\/div><\/section>","protected":false},"excerpt":{"rendered":"","protected":false},"author":1,"featured_media":58,"parent":0,"menu_order":12,"comment_status":"closed","ping_status":"closed","template":"","meta":{"footnotes":""},"class_list":["post-78","page","type-page","status-publish","has-post-thumbnail","hentry"],"_links":{"self":[{"href":"https:\/\/ecequipamentos.com.br\/es\/wp-json\/wp\/v2\/pages\/78","targetHints":{"allow":["GET"]}}],"collection":[{"href":"https:\/\/ecequipamentos.com.br\/es\/wp-json\/wp\/v2\/pages"}],"about":[{"href":"https:\/\/ecequipamentos.com.br\/es\/wp-json\/wp\/v2\/types\/page"}],"author":[{"embeddable":true,"href":"https:\/\/ecequipamentos.com.br\/es\/wp-json\/wp\/v2\/users\/1"}],"replies":[{"embeddable":true,"href":"https:\/\/ecequipamentos.com.br\/es\/wp-json\/wp\/v2\/comments?post=78"}],"version-history":[{"count":128,"href":"https:\/\/ecequipamentos.com.br\/es\/wp-json\/wp\/v2\/pages\/78\/revisions"}],"predecessor-version":[{"id":1681,"href":"https:\/\/ecequipamentos.com.br\/es\/wp-json\/wp\/v2\/pages\/78\/revisions\/1681"}],"wp:featuredmedia":[{"embeddable":true,"href":"https:\/\/ecequipamentos.com.br\/es\/wp-json\/wp\/v2\/media\/58"}],"wp:attachment":[{"href":"https:\/\/ecequipamentos.com.br\/es\/wp-json\/wp\/v2\/media?parent=78"}],"curies":[{"name":"wp","href":"https:\/\/api.w.org\/{rel}","templated":true}]}}